{"id":1043,"date":"2024-09-13T14:01:15","date_gmt":"2024-09-13T14:01:15","guid":{"rendered":"https:\/\/www.securityservice.pl\/?page_id=1043\/"},"modified":"2025-11-16T13:21:19","modified_gmt":"2025-11-16T13:21:19","slug":"parking-ul-narutowicza-63","status":"publish","type":"page","link":"https:\/\/www.securityservice.pl\/parking-ul-narutowicza-63\/","title":{"rendered":"Parking ul. Narutowicza 63"},"content":{"rendered":"<p>[vc_row type=&#8221;vc_default&#8221; bg_type=&#8221;image&#8221; parallax_style=&#8221;vcpb-vz-jquery&#8221; bg_image_new=&#8221;id^661|url^https:\/\/www.securityservice.pl\/app\/uploads\/2019\/05\/IMG_0454-croped.jpg|caption^null|alt^null|title^IMG_0454-croped|description^null&#8221; bg_image_repeat=&#8221;no-repeat&#8221; bg_override=&#8221;full&#8221; enable_overlay=&#8221;enable_overlay_value&#8221; overlay_color=&#8221;rgba(0,0,0,0.5)&#8221; overlay_pattern=&#8221;transperant&#8221; seperator_enable=&#8221;seperator_enable_value&#8221; seperator_type=&#8221;tilt_left_seperator&#8221; seperator_position=&#8221;bottom_seperator&#8221; seperator_svg_height=&#8221;100&#8243; seperator_shape_background=&#8221;#ffffff&#8221; css=&#8221;.vc_custom_1585765906296{background-color: #000000 !important;}&#8221; el_id=&#8221;home&#8221;][vc_column css=&#8221;.vc_custom_1481818684109{padding-top: 14% !important;padding-bottom: 130px !important;}&#8221;][rev_slider_vc alias=&#8221;top-slider-pl&#8221;][\/vc_column][\/vc_row][vc_row type=&#8221;vc_default&#8221; equal_height=&#8221;yes&#8221; margin_top=&#8221;55&#8243; margin_bottom=&#8221;5&#8243; bg_type=&#8221;bg_color&#8221; bg_override=&#8221;ex-full&#8221; css=&#8221;.vc_custom_1585769551281{padding-top: 65px !important;padding-bottom: 0px !important;}&#8221; bg_color_value=&#8221;#ffffff&#8221; el_id=&#8221;o-nas&#8221;][vc_column offset=&#8221;vc_col-lg-offset-2 vc_col-lg-8 vc_col-md-offset-1 vc_col-md-10&#8243; css=&#8221;.vc_custom_1476886803285{padding-bottom: 80px !important;}&#8221;]<div id=\"ultimate-heading-113669de26787e13c\" class=\"uvc-heading ult-adjust-bottom-margin ultimate-heading-113669de26787e13c uvc-785 accent-border-color\" data-hspacer=\"line_only\"  data-halign=\"center\" style=\"text-align:center\"><div class=\"uvc-main-heading ult-responsive\"  data-ultimate-target='.uvc-heading.ultimate-heading-113669de26787e13c h1'  data-responsive-json-new='{\"font-size\":\"desktop:34px;\",\"line-height\":\"desktop:44px;\"}' ><h1 style=\"font-weight:bold;margin-bottom:15px;\">Parking ul. Narutowicza 63<\/h1><\/div><div class=\"uvc-heading-spacer line_only\" style=\"margin-bottom:35px;height:3px;\"><span class=\"uvc-headings-line\" style=\"border-style:solid;border-bottom-width:3px;border-color:;width:200px;\"><\/span><\/div><\/div>[vc_column_text 0=&#8221;&#8221;]<\/p>\n<p style=\"text-align: center;\">Dla mieszka\u0144c\u00f3w \u0141odzi oraz go\u015bci odwiedzaj\u0105cych miasto mamy do zaoferowania Parking 24h\/7.<\/p>\n<p style=\"text-align: center;\">Oferujemy atrakcyjny abonament.<\/p>\n<h5 style=\"text-align: center;\"><strong>CENNIK OP\u0141AT<\/strong><\/h5>\n<ul>\n<li>Pierwsza rozpocz\u0119ta godzina \/ op\u0142ata minimalna 7,00 z\u0142<\/li>\n<li>Ka\u017cda kolejna godzina + 7,00 z\u0142<\/li>\n<li>Bilet dobowy (24 godzinny)&nbsp; 70,00 z\u0142<\/li>\n<li>ABONAMENT 30 dniowy 300,00 z\u0142 brutto \/ po wcze\u015bniejszym kontakcie telefonicznym<\/li>\n<li>(Op\u0142ata Dodatkowa +150,00 z\u0142 za brak wa\u017cnej op\u0142aty parkomatowej \/ op\u0142ata w terminie 7 dni od daty wystawienia 100,00 z\u0142)<\/li>\n<\/ul>\n<p>&nbsp;<\/p>\n<p style=\"text-align: left;\">Tre\u015b\u0107 regulaminu dost\u0119pna tutaj: <a href=\"https:\/\/www.securityservice.pl\/pl\/regulamin-parkingu-niestrzezonego-w-lodzi-przy-ul-gabriela-narutowicza-63\/\">Regulamin parkingu<\/a><br \/>\nW sprawie abonamentu prosimy o kontakt pod adresem e-mail <a href=\"mailto:parking@securityservice.pl\" target=\"_blank\" rel=\"noreferrer noopener\">parking@securityservice.pl<\/a> lub<br \/>\ntelefonicznie <a href=\"tel:+48784338333\">+48 784-338-333<\/a><\/p>\n<p>[\/vc_column_text][\/vc_column][\/vc_row][vc_row type=&#8221;vc_default&#8221; bg_type=&#8221;image&#8221; parallax_style=&#8221;vcpb-vz-jquery&#8221; bg_image_new=&#8221;id^353|url^https:\/\/securityservice.pl\/app\/uploads\/2017\/05\/row_new1.jpg|caption^null|alt^null|title^row_new1|description^null&#8221; bg_image_repeat=&#8221;no-repeat&#8221; bg_override=&#8221;ex-full&#8221; enable_overlay=&#8221;enable_overlay_value&#8221; overlay_color=&#8221;rgba(0,0,0,0.6)&#8221; overlay_pattern=&#8221;transperant&#8221; seperator_enable=&#8221;seperator_enable_value&#8221; seperator_type=&#8221;tilt_left_seperator&#8221; seperator_position=&#8221;top_bottom_seperator&#8221; seperator_svg_height=&#8221;100&#8243; seperator_shape_background=&#8221;#ffffff&#8221; css=&#8221;.vc_custom_1585769583527{padding-top: 170px !important;padding-right: 25px !important;padding-bottom: 90px !important;padding-left: 25px !important;background-color: #000000 !important;}&#8221;][vc_column 0=&#8221;&#8221;][vc_row_inner equal_height=&#8221;yes&#8221; content_placement=&#8221;middle&#8221; css=&#8221;.vc_custom_1527499631234{border-top-width: 9px !important;border-right-width: 9px !important;border-bottom-width: 9px !important;border-left-width: 9px !important;padding-top: 60px !important;padding-right: 25px !important;padding-bottom: 10px !important;padding-left: 25px !important;border-left-color: rgba(255,255,255,0.3) !important;border-left-style: double !important;border-right-color: rgba(255,255,255,0.3) !important;border-right-style: double !important;border-top-color: rgba(255,255,255,0.3) !important;border-top-style: double !important;border-bottom-color: rgba(255,255,255,0.3) !important;border-bottom-style: double !important;}&#8221;][vc_column_inner width=&#8221;7\/12&#8243; offset=&#8221;vc_col-lg-8 vc_col-md-8&#8243; css=&#8221;.vc_custom_1476814097619{margin-top: 0px !important;margin-right: 0px !important;margin-bottom: 0px !important;margin-left: 0px !important;padding-top: 0px !important;padding-right: 25px !important;padding-bottom: 50px !important;padding-left: 25px !important;}&#8221;]<div id=\"ultimate-heading-688869de26787e173\" class=\"uvc-heading ult-adjust-bottom-margin ultimate-heading-688869de26787e173 uvc-8320 accent-border-color\" data-hspacer=\"line_only\"  data-halign=\"left\" style=\"text-align:left\"><div class=\"uvc-main-heading ult-responsive\"  data-ultimate-target='.uvc-heading.ultimate-heading-688869de26787e173 h2'  data-responsive-json-new='{\"font-size\":\"desktop:34px;\",\"line-height\":\"desktop:44px;\"}' ><h2 style=\"font-weight:normal;color:#ffffff;margin-bottom:10px;\">Parking - ul. Narutowicza 63<\/h2><\/div><div class=\"uvc-heading-spacer line_only\" style=\"topheight:3px;\"><span class=\"uvc-headings-line\" style=\"border-style:solid;border-bottom-width:3px;border-color:;width:200px;\"><\/span><\/div><\/div>[vc_gmaps link=&#8221;#E-8_JTNDaWZyYW1lJTIwc3JjJTNEJTIyaHR0cHMlM0ElMkYlMkZ3d3cuZ29vZ2xlLmNvbSUyRm1hcHMlMkZlbWJlZCUzRnBiJTNEJTIxMW0xOCUyMTFtMTIlMjExbTMlMjExZDI0NjguODYxNzc4Nzc3MDklMjEyZDE5LjQ2ODYwNjM5MzY1ODQyJTIxM2Q1MS43NzIxMzM5OTkzNTYwMyUyMTJtMyUyMTFmMCUyMTJmMCUyMTNmMCUyMTNtMiUyMTFpMTAyNCUyMTJpNzY4JTIxNGYxMy4xJTIxM20zJTIxMW0yJTIxMXMweDQ3MWJjYjJmNzBjODY2N2YlMjUzQTB4N2EwZWU0ZWM4MDcyMTY3ZiUyMTJzcHJlei4lMjUyMEdhYnJpZWxhJTI1MjBOYXJ1dG93aWN6YSUyNTIwNjMlMjUyQyUyNTIwOTAtMDAxJTI1MjAlMjVDNSUyNTgxJTI1QzMlMjVCM2QlMjVDNSUyNUJBJTIxNWUwJTIxM20yJTIxMXNwbCUyMTJzcGwlMjE0djE3MjYyMzY4MDI4MzMlMjE1bTIlMjExc3BsJTIxMnNwbCUyMiUyMHdpZHRoJTNEJTIyNjAwJTIyJTIwaGVpZ2h0JTNEJTIyNDUwJTIyJTIwc3R5bGUlM0QlMjJib3JkZXIlM0EwJTNCJTIyJTIwYWxsb3dmdWxsc2NyZWVuJTNEJTIyJTIyJTIwcmVmZXJyZXJwb2xpY3klM0QlMjJuby1yZWZlcnJlci13aGVuLWRvd25ncmFkZSUyMiUzRSUzQyUyRmlmcmFtZSUzRQ==&#8221; css=&#8221;.vc_custom_1726516354019{margin-top: 15px !important;}&#8221;][\/vc_column_inner][vc_column_inner width=&#8221;5\/12&#8243; css=&#8221;.vc_custom_1476869609525{padding-top: 3px !important;padding-right: 25px !important;padding-bottom: 50px !important;padding-left: 25px !important;}&#8221; offset=&#8221;vc_col-lg-4 vc_col-md-4&#8243;]<div class=\"stats-block stats-left  accent-icon-bg  vc_custom_1585674313499\"><div class=\"aio-icon-left\"><div class=\"ult-just-icon-wrapper  \"><div class=\"align-icon\" style=\"text-align:center;\">\n<div class=\"aio-icon advanced \"  style=\"color:#ffffff;background:#ffffff;border-style:;border-color:#333333;border-width:1px;width:44px;height:44px;line-height:44px;border-radius:500px;font-size:24px;display:inline-block;\">\n\t<i class=\"Defaults-home\"><\/i>\n<\/div><\/div><\/div><\/div><div class=\"stats-desc\" id=\"counter-responsv-wrap-6766\"><div id=\"counter_88326488369de26787e289\" data-id=\"counter_88326488369de26787e289\"  data-ultimate-target='#counter-responsv-wrap-6766 .stats-number'  data-responsive-json-new='{\"font-size\":\"desktop:40px;\",\"line-height\":\"desktop:50px;\"}'  class=\"stats-number ult-responsive\" style=\" color:#ffffff; font-weight:bold;color:#ffffff;\" data-speed=\"5\" data-counter-value=\"30\" data-separator=\",\" data-decimal=\".\">0<\/div><div class=\"counter_suffix mycust ult-responsive\"  data-ultimate-target='#counter-responsv-wrap-6766 .mycust'  data-responsive-json-new='{\"font-size\":\"desktop:30px;\",\"line-height\":\"desktop:40px;\"}'  style=\" font-weight:bold;color:#ffffff\">+<\/div><div id=\"counter-responsv-wrap-6766\"  data-ultimate-target='#counter-responsv-wrap-6766 .stats-text'  data-responsive-json-new='{\"font-size\":\"desktop:20px;\",\"line-height\":\"desktop:30px;\"}'  class=\"stats-text ult-responsive\" style=\"font-size:px; color:#ffffff; \">Lat w bran\u017cy ochrony mienia<\/div><\/div><\/div><div class=\"stats-block stats-left  accent-icon-bg  vc_custom_1495049159658\"><div class=\"aio-icon-left\"><div class=\"ult-just-icon-wrapper  \"><div class=\"align-icon\" style=\"text-align:center;\">\n<div class=\"aio-icon advanced \"  style=\"color:#ffffff;background:#ffffff;border-style:;border-color:#333333;border-width:1px;width:44px;height:44px;line-height:44px;border-radius:500px;font-size:24px;display:inline-block;\">\n\t<i class=\"Defaults-home\"><\/i>\n<\/div><\/div><\/div><\/div><div class=\"stats-desc\" id=\"counter-responsv-wrap-1744\"><div id=\"counter_27000441669de26787e30b\" data-id=\"counter_27000441669de26787e30b\"  data-ultimate-target='#counter-responsv-wrap-1744 .stats-number'  data-responsive-json-new='{\"font-size\":\"desktop:40px;\",\"line-height\":\"desktop:50px;\"}'  class=\"stats-number ult-responsive\" style=\" color:#ffffff; font-weight:bold;color:#ffffff;\" data-speed=\"5\" data-counter-value=\"100\" data-separator=\",\" data-decimal=\".\">0<\/div><div class=\"counter_suffix mycust ult-responsive\"  data-ultimate-target='#counter-responsv-wrap-1744 .mycust'  data-responsive-json-new='{\"font-size\":\"desktop:30px;\",\"line-height\":\"desktop:40px;\"}'  style=\" font-weight:bold;color:#ffffff\">+<\/div><div id=\"counter-responsv-wrap-1744\"  data-ultimate-target='#counter-responsv-wrap-1744 .stats-text'  data-responsive-json-new='{\"font-size\":\"desktop:20px;\",\"line-height\":\"desktop:30px;\"}'  class=\"stats-text ult-responsive\" style=\"font-size:px; color:#ffffff; \">Chronionych obiekt\u00f3w<\/div><\/div><\/div><div class=\"stats-block stats-left  accent-icon-bg  vc_custom_1495049180349\"><div class=\"aio-icon-left\"><div class=\"ult-just-icon-wrapper  \"><div class=\"align-icon\" style=\"text-align:center;\">\n<div class=\"aio-icon advanced \"  style=\"color:#ffffff;background:#ffffff;border-style:;border-color:#333333;border-width:1px;width:44px;height:44px;line-height:44px;border-radius:500px;font-size:24px;display:inline-block;\">\n\t<i class=\"Defaults-clock-o\"><\/i>\n<\/div><\/div><\/div><\/div><div class=\"stats-desc\" id=\"counter-responsv-wrap-6571\"><div id=\"counter_135203226369de26787e381\" data-id=\"counter_135203226369de26787e381\"  data-ultimate-target='#counter-responsv-wrap-6571 .stats-number'  data-responsive-json-new='{\"font-size\":\"desktop:40px;\",\"line-height\":\"desktop:50px;\"}'  class=\"stats-number ult-responsive\" style=\" color:#ffffff; font-weight:bold;color:#ffffff;\" data-speed=\"5\" data-counter-value=\"24\" data-separator=\",\" data-decimal=\".\">0<\/div><div class=\"counter_suffix mycust ult-responsive\"  data-ultimate-target='#counter-responsv-wrap-6571 .mycust'  data-responsive-json-new='{\"font-size\":\"desktop:30px;\",\"line-height\":\"desktop:40px;\"}'  style=\" font-weight:bold;color:#ffffff\">h<\/div><div id=\"counter-responsv-wrap-6571\"  data-ultimate-target='#counter-responsv-wrap-6571 .stats-text'  data-responsive-json-new='{\"font-size\":\"desktop:20px;\",\"line-height\":\"desktop:30px;\"}'  class=\"stats-text ult-responsive\" style=\"font-size:px; color:#ffffff; \">Bezpiecze\u0144stwa<\/div><\/div><\/div>[\/vc_column_inner][\/vc_row_inner][\/vc_column][\/vc_row]<\/p>\n","protected":false},"excerpt":{"rendered":"<p>[vc_row type=&#8221;vc_default&#8221; bg_type=&#8221;image&#8221; parallax_style=&#8221;vcpb-vz-jquery&#8221; bg_image_new=&#8221;id^661|url^https:\/\/www.securityservice.pl\/app\/uploads\/2019\/05\/IMG_0454-croped.jpg|caption^null|alt^null|title^IMG_0454-croped|description^null&#8221; bg_image_repeat=&#8221;no-repeat&#8221; bg_override=&#8221;full&#8221; enable_overlay=&#8221;enable_overlay_value&#8221; overlay_color=&#8221;rgba(0,0,0,0.5)&#8221; overlay_pattern=&#8221;transperant&#8221; seperator_enable=&#8221;seperator_enable_value&#8221; seperator_type=&#8221;tilt_left_seperator&#8221; seperator_position=&#8221;bottom_seperator&#8221; seperator_svg_height=&#8221;100&#8243; seperator_shape_background=&#8221;#ffffff&#8221; css=&#8221;.vc_custom_1585765906296{background-color: #000000 !important;}&#8221; el_id=&#8221;home&#8221;][vc_column css=&#8221;.vc_custom_1481818684109{padding-top: 14% !important;padding-bottom: 130px !important;}&#8221;][rev_slider_vc alias=&#8221;top-slider-pl&#8221;][\/vc_column][\/vc_row][vc_row type=&#8221;vc_default&#8221; equal_height=&#8221;yes&#8221; margin_top=&#8221;55&#8243; margin_bottom=&#8221;5&#8243; bg_type=&#8221;bg_color&#8221; bg_override=&#8221;ex-full&#8221; css=&#8221;.vc_custom_1585769551281{padding-top: 65px !important;padding-bottom: 0px !important;}&#8221; bg_color_value=&#8221;#ffffff&#8221; el_id=&#8221;o-nas&#8221;][vc_column offset=&#8221;vc_col-lg-offset-2 vc_col-lg-8 vc_col-md-offset-1 vc_col-md-10&#8243; css=&#8221;.vc_custom_1476886803285{padding-bottom: 80px !important;}&#8221;][vc_column_text 0=&#8221;&#8221;] Dla mieszka\u0144c\u00f3w \u0141odzi oraz go\u015bci odwiedzaj\u0105cych miasto mamy do&hellip;<\/p>\n","protected":false},"author":1,"featured_media":0,"parent":0,"menu_order":0,"comment_status":"closed","ping_status":"closed","template":"","meta":[],"yoast_head":"<!-- This site is optimized with the Yoast SEO plugin v20.6 - https:\/\/yoast.com\/wordpress\/plugins\/seo\/ -->\n<title>Parking ul. Narutowicza 63 - Agencja ochrony - \u0141\u00f3d\u017a<\/title>\n<meta name=\"robots\" content=\"index, follow, max-snippet:-1, max-image-preview:large, max-video-preview:-1\" \/>\n<link rel=\"canonical\" href=\"https:\/\/www.securityservice.pl\/parking-ul-narutowicza-63\/\" \/>\n<meta property=\"og:locale\" content=\"pl_PL\" \/>\n<meta property=\"og:type\" content=\"article\" \/>\n<meta property=\"og:title\" content=\"Parking ul. Narutowicza 63 - Agencja ochrony - \u0141\u00f3d\u017a\" \/>\n<meta property=\"og:description\" content=\"[vc_row type=&#8221;vc_default&#8221; bg_type=&#8221;image&#8221; parallax_style=&#8221;vcpb-vz-jquery&#8221; bg_image_new=&#8221;id^661|url^https:\/\/www.securityservice.pl\/app\/uploads\/2019\/05\/IMG_0454-croped.jpg|caption^null|alt^null|title^IMG_0454-croped|description^null&#8221; bg_image_repeat=&#8221;no-repeat&#8221; bg_override=&#8221;full&#8221; enable_overlay=&#8221;enable_overlay_value&#8221; overlay_color=&#8221;rgba(0,0,0,0.5)&#8221; overlay_pattern=&#8221;transperant&#8221; seperator_enable=&#8221;seperator_enable_value&#8221; seperator_type=&#8221;tilt_left_seperator&#8221; seperator_position=&#8221;bottom_seperator&#8221; seperator_svg_height=&#8221;100&#8243; seperator_shape_background=&#8221;#ffffff&#8221; css=&#8221;.vc_custom_1585765906296{background-color: #000000 !important;}&#8221; el_id=&#8221;home&#8221;][vc_column css=&#8221;.vc_custom_1481818684109{padding-top: 14% !important;padding-bottom: 130px !important;}&#8221;][rev_slider_vc alias=&#8221;top-slider-pl&#8221;][\/vc_column][\/vc_row][vc_row type=&#8221;vc_default&#8221; equal_height=&#8221;yes&#8221; margin_top=&#8221;55&#8243; margin_bottom=&#8221;5&#8243; bg_type=&#8221;bg_color&#8221; bg_override=&#8221;ex-full&#8221; css=&#8221;.vc_custom_1585769551281{padding-top: 65px !important;padding-bottom: 0px !important;}&#8221; bg_color_value=&#8221;#ffffff&#8221; el_id=&#8221;o-nas&#8221;][vc_column offset=&#8221;vc_col-lg-offset-2 vc_col-lg-8 vc_col-md-offset-1 vc_col-md-10&#8243; css=&#8221;.vc_custom_1476886803285{padding-bottom: 80px !important;}&#8221;][vc_column_text 0=&#8221;&#8221;] Dla mieszka\u0144c\u00f3w \u0141odzi oraz go\u015bci odwiedzaj\u0105cych miasto mamy do&hellip;\" \/>\n<meta property=\"og:url\" content=\"https:\/\/www.securityservice.pl\/parking-ul-narutowicza-63\/\" \/>\n<meta property=\"og:site_name\" content=\"Agencja ochrony - \u0141\u00f3d\u017a\" \/>\n<meta property=\"article:modified_time\" content=\"2025-11-16T13:21:19+00:00\" \/>\n<meta name=\"twitter:card\" content=\"summary_large_image\" \/>\n<meta name=\"twitter:label1\" content=\"Est. reading time\" \/>\n\t<meta name=\"twitter:data1\" content=\"3 minuty\" \/>\n<script type=\"application\/ld+json\" class=\"yoast-schema-graph\">{\"@context\":\"https:\/\/schema.org\",\"@graph\":[{\"@type\":\"WebPage\",\"@id\":\"https:\/\/www.securityservice.pl\/parking-ul-narutowicza-63\/\",\"url\":\"https:\/\/www.securityservice.pl\/parking-ul-narutowicza-63\/\",\"name\":\"Parking ul. Narutowicza 63 - Agencja ochrony - \u0141\u00f3d\u017a\",\"isPartOf\":{\"@id\":\"https:\/\/www.securityservice.pl\/pl\/#website\"},\"datePublished\":\"2024-09-13T14:01:15+00:00\",\"dateModified\":\"2025-11-16T13:21:19+00:00\",\"breadcrumb\":{\"@id\":\"https:\/\/www.securityservice.pl\/parking-ul-narutowicza-63\/#breadcrumb\"},\"inLanguage\":\"pl-PL\",\"potentialAction\":[{\"@type\":\"ReadAction\",\"target\":[\"https:\/\/www.securityservice.pl\/parking-ul-narutowicza-63\/\"]}]},{\"@type\":\"BreadcrumbList\",\"@id\":\"https:\/\/www.securityservice.pl\/parking-ul-narutowicza-63\/#breadcrumb\",\"itemListElement\":[{\"@type\":\"ListItem\",\"position\":1,\"name\":\"Strona g\u0142\u00f3wna\",\"item\":\"https:\/\/www.securityservice.pl\/pl\/\"},{\"@type\":\"ListItem\",\"position\":2,\"name\":\"Parking ul. Narutowicza 63\"}]},{\"@type\":\"WebSite\",\"@id\":\"https:\/\/www.securityservice.pl\/pl\/#website\",\"url\":\"https:\/\/www.securityservice.pl\/pl\/\",\"name\":\"Agencja ochrony - \u0141\u00f3d\u017a\",\"description\":\"Agencja ochrony - \u0141\u00f3d\u017a - ochrona fizyczna mienia | Firma ochroniarska Security Service\",\"publisher\":{\"@id\":\"https:\/\/www.securityservice.pl\/pl\/#organization\"},\"potentialAction\":[{\"@type\":\"SearchAction\",\"target\":{\"@type\":\"EntryPoint\",\"urlTemplate\":\"https:\/\/www.securityservice.pl\/pl\/?s={search_term_string}\"},\"query-input\":\"required name=search_term_string\"}],\"inLanguage\":\"pl-PL\"},{\"@type\":\"Organization\",\"@id\":\"https:\/\/www.securityservice.pl\/pl\/#organization\",\"name\":\"Agencja ochrony - \u0141\u00f3d\u017a\",\"url\":\"https:\/\/www.securityservice.pl\/pl\/\",\"logo\":{\"@type\":\"ImageObject\",\"inLanguage\":\"pl-PL\",\"@id\":\"https:\/\/www.securityservice.pl\/pl\/#\/schema\/logo\/image\/\",\"url\":\"https:\/\/www.securityservice.pl\/app\/uploads\/2017\/05\/logo-320.png\",\"contentUrl\":\"https:\/\/www.securityservice.pl\/app\/uploads\/2017\/05\/logo-320.png\",\"width\":320,\"height\":320,\"caption\":\"Agencja ochrony - \u0141\u00f3d\u017a\"},\"image\":{\"@id\":\"https:\/\/www.securityservice.pl\/pl\/#\/schema\/logo\/image\/\"}}]}<\/script>\n<!-- \/ Yoast SEO plugin. -->","yoast_head_json":{"title":"Parking ul. Narutowicza 63 - Agencja ochrony - \u0141\u00f3d\u017a","robots":{"index":"index","follow":"follow","max-snippet":"max-snippet:-1","max-image-preview":"max-image-preview:large","max-video-preview":"max-video-preview:-1"},"canonical":"https:\/\/www.securityservice.pl\/parking-ul-narutowicza-63\/","og_locale":"pl_PL","og_type":"article","og_title":"Parking ul. Narutowicza 63 - Agencja ochrony - \u0141\u00f3d\u017a","og_description":"[vc_row type=&#8221;vc_default&#8221; bg_type=&#8221;image&#8221; parallax_style=&#8221;vcpb-vz-jquery&#8221; bg_image_new=&#8221;id^661|url^https:\/\/www.securityservice.pl\/app\/uploads\/2019\/05\/IMG_0454-croped.jpg|caption^null|alt^null|title^IMG_0454-croped|description^null&#8221; bg_image_repeat=&#8221;no-repeat&#8221; bg_override=&#8221;full&#8221; enable_overlay=&#8221;enable_overlay_value&#8221; overlay_color=&#8221;rgba(0,0,0,0.5)&#8221; overlay_pattern=&#8221;transperant&#8221; seperator_enable=&#8221;seperator_enable_value&#8221; seperator_type=&#8221;tilt_left_seperator&#8221; seperator_position=&#8221;bottom_seperator&#8221; seperator_svg_height=&#8221;100&#8243; seperator_shape_background=&#8221;#ffffff&#8221; css=&#8221;.vc_custom_1585765906296{background-color: #000000 !important;}&#8221; el_id=&#8221;home&#8221;][vc_column css=&#8221;.vc_custom_1481818684109{padding-top: 14% !important;padding-bottom: 130px !important;}&#8221;][rev_slider_vc alias=&#8221;top-slider-pl&#8221;][\/vc_column][\/vc_row][vc_row type=&#8221;vc_default&#8221; equal_height=&#8221;yes&#8221; margin_top=&#8221;55&#8243; margin_bottom=&#8221;5&#8243; bg_type=&#8221;bg_color&#8221; bg_override=&#8221;ex-full&#8221; css=&#8221;.vc_custom_1585769551281{padding-top: 65px !important;padding-bottom: 0px !important;}&#8221; bg_color_value=&#8221;#ffffff&#8221; el_id=&#8221;o-nas&#8221;][vc_column offset=&#8221;vc_col-lg-offset-2 vc_col-lg-8 vc_col-md-offset-1 vc_col-md-10&#8243; css=&#8221;.vc_custom_1476886803285{padding-bottom: 80px !important;}&#8221;][vc_column_text 0=&#8221;&#8221;] Dla mieszka\u0144c\u00f3w \u0141odzi oraz go\u015bci odwiedzaj\u0105cych miasto mamy do&hellip;","og_url":"https:\/\/www.securityservice.pl\/parking-ul-narutowicza-63\/","og_site_name":"Agencja ochrony - \u0141\u00f3d\u017a","article_modified_time":"2025-11-16T13:21:19+00:00","twitter_card":"summary_large_image","twitter_misc":{"Est. reading time":"3 minuty"},"schema":{"@context":"https:\/\/schema.org","@graph":[{"@type":"WebPage","@id":"https:\/\/www.securityservice.pl\/parking-ul-narutowicza-63\/","url":"https:\/\/www.securityservice.pl\/parking-ul-narutowicza-63\/","name":"Parking ul. Narutowicza 63 - Agencja ochrony - \u0141\u00f3d\u017a","isPartOf":{"@id":"https:\/\/www.securityservice.pl\/pl\/#website"},"datePublished":"2024-09-13T14:01:15+00:00","dateModified":"2025-11-16T13:21:19+00:00","breadcrumb":{"@id":"https:\/\/www.securityservice.pl\/parking-ul-narutowicza-63\/#breadcrumb"},"inLanguage":"pl-PL","potentialAction":[{"@type":"ReadAction","target":["https:\/\/www.securityservice.pl\/parking-ul-narutowicza-63\/"]}]},{"@type":"BreadcrumbList","@id":"https:\/\/www.securityservice.pl\/parking-ul-narutowicza-63\/#breadcrumb","itemListElement":[{"@type":"ListItem","position":1,"name":"Strona g\u0142\u00f3wna","item":"https:\/\/www.securityservice.pl\/pl\/"},{"@type":"ListItem","position":2,"name":"Parking ul. Narutowicza 63"}]},{"@type":"WebSite","@id":"https:\/\/www.securityservice.pl\/pl\/#website","url":"https:\/\/www.securityservice.pl\/pl\/","name":"Agencja ochrony - \u0141\u00f3d\u017a","description":"Agencja ochrony - \u0141\u00f3d\u017a - ochrona fizyczna mienia | Firma ochroniarska Security Service","publisher":{"@id":"https:\/\/www.securityservice.pl\/pl\/#organization"},"potentialAction":[{"@type":"SearchAction","target":{"@type":"EntryPoint","urlTemplate":"https:\/\/www.securityservice.pl\/pl\/?s={search_term_string}"},"query-input":"required name=search_term_string"}],"inLanguage":"pl-PL"},{"@type":"Organization","@id":"https:\/\/www.securityservice.pl\/pl\/#organization","name":"Agencja ochrony - \u0141\u00f3d\u017a","url":"https:\/\/www.securityservice.pl\/pl\/","logo":{"@type":"ImageObject","inLanguage":"pl-PL","@id":"https:\/\/www.securityservice.pl\/pl\/#\/schema\/logo\/image\/","url":"https:\/\/www.securityservice.pl\/app\/uploads\/2017\/05\/logo-320.png","contentUrl":"https:\/\/www.securityservice.pl\/app\/uploads\/2017\/05\/logo-320.png","width":320,"height":320,"caption":"Agencja ochrony - \u0141\u00f3d\u017a"},"image":{"@id":"https:\/\/www.securityservice.pl\/pl\/#\/schema\/logo\/image\/"}}]}},"_links":{"self":[{"href":"https:\/\/www.securityservice.pl\/pl\/wp-json\/wp\/v2\/pages\/1043"}],"collection":[{"href":"https:\/\/www.securityservice.pl\/pl\/wp-json\/wp\/v2\/pages"}],"about":[{"href":"https:\/\/www.securityservice.pl\/pl\/wp-json\/wp\/v2\/types\/page"}],"author":[{"embeddable":true,"href":"https:\/\/www.securityservice.pl\/pl\/wp-json\/wp\/v2\/users\/1"}],"replies":[{"embeddable":true,"href":"https:\/\/www.securityservice.pl\/pl\/wp-json\/wp\/v2\/comments?post=1043"}],"version-history":[{"count":8,"href":"https:\/\/www.securityservice.pl\/pl\/wp-json\/wp\/v2\/pages\/1043\/revisions"}],"predecessor-version":[{"id":1156,"href":"https:\/\/www.securityservice.pl\/pl\/wp-json\/wp\/v2\/pages\/1043\/revisions\/1156"}],"wp:attachment":[{"href":"https:\/\/www.securityservice.pl\/pl\/wp-json\/wp\/v2\/media?parent=1043"}],"curies":[{"name":"wp","href":"https:\/\/api.w.org\/{rel}","templated":true}]}}