{"id":452,"date":"2018-05-24T10:21:31","date_gmt":"2018-05-24T10:21:31","guid":{"rendered":"https:\/\/www.securityservice.pl\/?page_id=452\/"},"modified":"2018-06-22T09:09:30","modified_gmt":"2018-06-22T09:09:30","slug":"ochrona-kutno","status":"publish","type":"page","link":"https:\/\/www.securityservice.pl\/ochrona-kutno\/","title":{"rendered":"Ochrona Kutno"},"content":{"rendered":"<p>[vc_row type=&#8221;vc_default&#8221; bg_type=&#8221;image&#8221; parallax_style=&#8221;vcpb-vz-jquery&#8221; bg_image_new=&#8221;id^323|url^https:\/\/securityservice.pl\/app\/uploads\/2016\/12\/row1-1.jpg|caption^null|alt^null|title^row1|description^null&#8221; bg_image_repeat=&#8221;no-repeat&#8221; bg_override=&#8221;full&#8221; enable_overlay=&#8221;enable_overlay_value&#8221; overlay_color=&#8221;rgba(0,0,0,0.5)&#8221; overlay_pattern=&#8221;transperant&#8221; seperator_enable=&#8221;seperator_enable_value&#8221; seperator_type=&#8221;tilt_left_seperator&#8221; seperator_position=&#8221;bottom_seperator&#8221; seperator_svg_height=&#8221;100&#8243; seperator_shape_background=&#8221;#ffffff&#8221; css=&#8221;.vc_custom_1495303395580{background-color: #000000 !important;}&#8221; el_id=&#8221;home&#8221;][vc_column css=&#8221;.vc_custom_1481818684109{padding-top: 14% !important;padding-bottom: 130px !important;}&#8221;][rev_slider_vc alias=&#8221;top-slider-pl&#8221;][\/vc_column][\/vc_row][vc_row type=&#8221;vc_default&#8221; equal_height=&#8221;yes&#8221; margin_top=&#8221;55&#8243; margin_bottom=&#8221;5&#8243; bg_type=&#8221;bg_color&#8221; bg_override=&#8221;ex-full&#8221; css=&#8221;.vc_custom_1494865328005{padding-top: 65px !important;padding-bottom: 15px !important;}&#8221; bg_color_value=&#8221;#ffffff&#8221; el_id=&#8221;o-nas&#8221;][vc_column offset=&#8221;vc_col-lg-offset-2 vc_col-lg-8 vc_col-md-offset-1 vc_col-md-10&#8243; css=&#8221;.vc_custom_1476886803285{padding-bottom: 80px !important;}&#8221;]<div id=\"ultimate-heading-370669d3799749a7c\" class=\"uvc-heading ult-adjust-bottom-margin ultimate-heading-370669d3799749a7c uvc-6740 accent-border-color\" data-hspacer=\"line_only\"  data-halign=\"center\" style=\"text-align:center\"><div class=\"uvc-main-heading ult-responsive\"  data-ultimate-target='.uvc-heading.ultimate-heading-370669d3799749a7c h1'  data-responsive-json-new='{\"font-size\":\"desktop:34px;\",\"line-height\":\"desktop:44px;\"}' ><h1 style=\"font-weight:bold;margin-bottom:15px;\">Ochrona mienia w Kutnie<\/h1><\/div><div class=\"uvc-heading-spacer line_only\" style=\"margin-bottom:35px;height:3px;\"><span class=\"uvc-headings-line\" style=\"border-style:solid;border-bottom-width:3px;border-color:;width:200px;\"><\/span><\/div><\/div>[vc_column_text]<\/p>\n<p align=\"justify\">Istot\u0105 dzia\u0142alno\u015bci agencji ochrony Security Service jest zapewnienie obywatelom bezpiecze\u0144stwa na terenie ka\u017cdego obiektu w okolicach \u0141odzi. W tym celu zatrudniamy wy\u0142\u0105cznie wykwalifikowanych pracownik\u00f3w, a dzi\u0119ki wieloletniemu do\u015bwiadczeniu zyskali\u015bmy szerokie grono Klient\u00f3w, kt\u00f3rzy obdarzyli nas zaufaniem. Na Pa\u0144stwa \u017cyczenie mo\u017cemy przyjecha\u0107 r\u00f3wnie\u017c do miasta Kutno, gdzie ochron\u0105 obejmujemy takie przedsi\u0119wzi\u0119cia oraz miejsca jak:<\/p>\n<ul>\n<li>przyj\u0119cia cateringowe, wyjazdy integracyjne, imprezy okoliczno\u015bciowe,<\/li>\n<li>prywatne posesje, obiekty u\u017cyteczno\u015bci publicznej, handlowe, biura i inne<\/li>\n<\/ul>\n<p align=\"justify\">W kwestii takiej jak niezawodna ochrona. Kutno jest miastem, gdzie mo\u017cemy sprawowa\u0107 nadz\u00f3r r\u00f3wnie\u017c w inny spos\u00f3b. Dbamy o porz\u0105dek i \u0142ad na terenach zielonych, dokonujemy przegl\u0105du wskazanych przez Pa\u0144stwa miejsc zgodnie z wytycznymi, a tak\u017ce zajmujemy si\u0119 otwarciem oraz zamkni\u0119ciem obiekt\u00f3w o ka\u017cdej porze dnia i nocy.<\/p>\n<p align=\"justify\">Zapewniamy, \u017ce zawsze pozostajemy do Pa\u0144stwa dyspozycji na obszarach wymagaj\u0105cych szczeg\u00f3lnej kontroli. Ochrona mienia stanowi dla nas najwy\u017cszy priorytet, dlatego z przyjemno\u015bci\u0105 pomo\u017cemy Pa\u0144stwu w realizacji dowolnego zlecenia. Serdecznie zapraszamy do skorzystania z oferty Security Service.<\/p>\n<p>[\/vc_column_text][\/vc_column][\/vc_row][vc_row type=&#8221;vc_default&#8221; bg_type=&#8221;image&#8221; parallax_style=&#8221;vcpb-vz-jquery&#8221; bg_image_new=&#8221;id^353|url^https:\/\/securityservice.pl\/app\/uploads\/2017\/05\/row_new1.jpg|caption^null|alt^null|title^row_new1|description^null&#8221; bg_image_repeat=&#8221;no-repeat&#8221; bg_override=&#8221;ex-full&#8221; enable_overlay=&#8221;enable_overlay_value&#8221; overlay_color=&#8221;rgba(0,0,0,0.6)&#8221; overlay_pattern=&#8221;transperant&#8221; seperator_enable=&#8221;seperator_enable_value&#8221; seperator_type=&#8221;tilt_left_seperator&#8221; seperator_position=&#8221;top_bottom_seperator&#8221; seperator_svg_height=&#8221;100&#8243; seperator_shape_background=&#8221;#ffffff&#8221; css=&#8221;.vc_custom_1495049067225{padding-top: 170px !important;padding-right: 25px !important;padding-bottom: 170px !important;padding-left: 25px !important;background-color: #000000 !important;}&#8221; el_id=&#8221;ochrona-fizyczna&#8221;][vc_column][vc_row_inner equal_height=&#8221;yes&#8221; content_placement=&#8221;middle&#8221; css=&#8221;.vc_custom_1527252669847{border-top-width: 9px !important;border-right-width: 9px !important;border-bottom-width: 9px !important;border-left-width: 9px !important;padding-top: 60px !important;padding-right: 25px !important;padding-bottom: 10px !important;padding-left: 25px !important;border-left-color: rgba(255,255,255,0.3) !important;border-left-style: double !important;border-right-color: rgba(255,255,255,0.3) !important;border-right-style: double !important;border-top-color: rgba(255,255,255,0.3) !important;border-top-style: double !important;border-bottom-color: rgba(255,255,255,0.3) !important;border-bottom-style: double !important;}&#8221;][vc_column_inner width=&#8221;7\/12&#8243; offset=&#8221;vc_col-lg-8 vc_col-md-8&#8243; css=&#8221;.vc_custom_1476814097619{margin-top: 0px !important;margin-right: 0px !important;margin-bottom: 0px !important;margin-left: 0px !important;padding-top: 0px !important;padding-right: 25px !important;padding-bottom: 50px !important;padding-left: 25px !important;}&#8221;]<div id=\"ultimate-heading-300469d3799749ab5\" class=\"uvc-heading ult-adjust-bottom-margin ultimate-heading-300469d3799749ab5 uvc-6804 accent-border-color\" data-hspacer=\"line_only\"  data-halign=\"left\" style=\"text-align:left\"><div class=\"uvc-main-heading ult-responsive\"  data-ultimate-target='.uvc-heading.ultimate-heading-300469d3799749ab5 h2'  data-responsive-json-new='{\"font-size\":\"desktop:34px;\",\"line-height\":\"desktop:44px;\"}' ><h2 style=\"font-weight:normal;color:#ffffff;margin-bottom:10px;\">Ochrona Kutno<\/h2><\/div><div class=\"uvc-heading-spacer line_only\" style=\"topheight:3px;\"><span class=\"uvc-headings-line\" style=\"border-style:solid;border-bottom-width:3px;border-color:;width:200px;\"><\/span><\/div><\/div>[vc_gmaps link=&#8221;#E-8_JTNDaWZyYW1lJTIwc3JjJTNEJTIyaHR0cHMlM0ElMkYlMkZ3d3cuZ29vZ2xlLmNvbSUyRm1hcHMlMkZlbWJlZCUzRnBiJTNEJTIxMW0xOCUyMTFtMTIlMjExbTMlMjExZDc4MjEzLjE3NjQxNzIwMzIlMjEyZDE5LjMwMTA1Mzc4NTkwNTQ2MyUyMTNkNTIuMjIyMjc4ODIyMTc0MiUyMTJtMyUyMTFmMCUyMTJmMCUyMTNmMCUyMTNtMiUyMTFpMTAyNCUyMTJpNzY4JTIxNGYxMy4xJTIxM20zJTIxMW0yJTIxMXMweDQ3MWI5YmQ2ZmZmNTRiZTclMjUzQTB4YWM5Njg2MGY1MWFiMjVkMyUyMTJzOTktMzAwJTJCS3V0bm8lMjE1ZTAlMjEzbTIlMjExc3BsJTIxMnNwbCUyMTR2MTUyNzE1NzIyODM0OCUyMiUyMHdpZHRoJTNEJTIyNjAwJTIyJTIwaGVpZ2h0JTNEJTIyNDUwJTIyJTIwZnJhbWVib3JkZXIlM0QlMjIwJTIyJTIwc3R5bGUlM0QlMjJib3JkZXIlM0EwJTIyJTIwYWxsb3dmdWxsc2NyZWVuJTNFJTNDJTJGaWZyYW1lJTNF&#8221; css=&#8221;.vc_custom_1527252180503{margin-top: 15px !important;}&#8221;][\/vc_column_inner][vc_column_inner width=&#8221;5\/12&#8243; css=&#8221;.vc_custom_1527252629680{padding-top: 3px !important;padding-right: 25px !important;padding-bottom: 50px !important;padding-left: 25px !important;}&#8221; offset=&#8221;vc_col-lg-4 vc_col-md-4&#8243;]<div class=\"stats-block stats-left  accent-icon-bg  vc_custom_1495050445411\"><div class=\"aio-icon-left\"><div class=\"ult-just-icon-wrapper  \"><div class=\"align-icon\" style=\"text-align:center;\">\n<div class=\"aio-icon advanced \"  style=\"color:#ffffff;background:#ffffff;border-style:;border-color:#333333;border-width:1px;width:44px;height:44px;line-height:44px;border-radius:500px;font-size:24px;display:inline-block;\">\n\t<i class=\"Defaults-home\"><\/i>\n<\/div><\/div><\/div><\/div><div class=\"stats-desc\" id=\"counter-responsv-wrap-8170\"><div id=\"counter_70419315869d3799749bc8\" data-id=\"counter_70419315869d3799749bc8\"  data-ultimate-target='#counter-responsv-wrap-8170 .stats-number'  data-responsive-json-new='{\"font-size\":\"desktop:40px;\",\"line-height\":\"desktop:50px;\"}'  class=\"stats-number ult-responsive\" style=\" color:#ffffff; font-weight:bold;color:#ffffff;\" data-speed=\"5\" data-counter-value=\"20\" data-separator=\",\" data-decimal=\".\">0<\/div><div class=\"counter_suffix mycust ult-responsive\"  data-ultimate-target='#counter-responsv-wrap-8170 .mycust'  data-responsive-json-new='{\"font-size\":\"desktop:30px;\",\"line-height\":\"desktop:40px;\"}'  style=\" font-weight:bold;color:#ffffff\">+<\/div><div id=\"counter-responsv-wrap-8170\"  data-ultimate-target='#counter-responsv-wrap-8170 .stats-text'  data-responsive-json-new='{\"font-size\":\"desktop:20px;\",\"line-height\":\"desktop:30px;\"}'  class=\"stats-text ult-responsive\" style=\"font-size:px; color:#ffffff; \">Lat w bran\u017cy ochrony mienia<\/div><\/div><\/div><div class=\"stats-block stats-left  accent-icon-bg  vc_custom_1495049159658\"><div class=\"aio-icon-left\"><div class=\"ult-just-icon-wrapper  \"><div class=\"align-icon\" style=\"text-align:center;\">\n<div class=\"aio-icon advanced \"  style=\"color:#ffffff;background:#ffffff;border-style:;border-color:#333333;border-width:1px;width:44px;height:44px;line-height:44px;border-radius:500px;font-size:24px;display:inline-block;\">\n\t<i class=\"Defaults-home\"><\/i>\n<\/div><\/div><\/div><\/div><div class=\"stats-desc\" id=\"counter-responsv-wrap-6104\"><div id=\"counter_150175778469d3799749c4b\" data-id=\"counter_150175778469d3799749c4b\"  data-ultimate-target='#counter-responsv-wrap-6104 .stats-number'  data-responsive-json-new='{\"font-size\":\"desktop:40px;\",\"line-height\":\"desktop:50px;\"}'  class=\"stats-number ult-responsive\" style=\" color:#ffffff; font-weight:bold;color:#ffffff;\" data-speed=\"5\" data-counter-value=\"100\" data-separator=\",\" data-decimal=\".\">0<\/div><div class=\"counter_suffix mycust ult-responsive\"  data-ultimate-target='#counter-responsv-wrap-6104 .mycust'  data-responsive-json-new='{\"font-size\":\"desktop:30px;\",\"line-height\":\"desktop:40px;\"}'  style=\" font-weight:bold;color:#ffffff\">+<\/div><div id=\"counter-responsv-wrap-6104\"  data-ultimate-target='#counter-responsv-wrap-6104 .stats-text'  data-responsive-json-new='{\"font-size\":\"desktop:20px;\",\"line-height\":\"desktop:30px;\"}'  class=\"stats-text ult-responsive\" style=\"font-size:px; color:#ffffff; \">Chronionych obiekt\u00f3w<\/div><\/div><\/div><div class=\"stats-block stats-left  accent-icon-bg  vc_custom_1495049180349\"><div class=\"aio-icon-left\"><div class=\"ult-just-icon-wrapper  \"><div class=\"align-icon\" style=\"text-align:center;\">\n<div class=\"aio-icon advanced \"  style=\"color:#ffffff;background:#ffffff;border-style:;border-color:#333333;border-width:1px;width:44px;height:44px;line-height:44px;border-radius:500px;font-size:24px;display:inline-block;\">\n\t<i class=\"Defaults-clock-o\"><\/i>\n<\/div><\/div><\/div><\/div><div class=\"stats-desc\" id=\"counter-responsv-wrap-1341\"><div id=\"counter_52755151569d3799749cc0\" data-id=\"counter_52755151569d3799749cc0\"  data-ultimate-target='#counter-responsv-wrap-1341 .stats-number'  data-responsive-json-new='{\"font-size\":\"desktop:40px;\",\"line-height\":\"desktop:50px;\"}'  class=\"stats-number ult-responsive\" style=\" color:#ffffff; font-weight:bold;color:#ffffff;\" data-speed=\"5\" data-counter-value=\"24\" data-separator=\",\" data-decimal=\".\">0<\/div><div class=\"counter_suffix mycust ult-responsive\"  data-ultimate-target='#counter-responsv-wrap-1341 .mycust'  data-responsive-json-new='{\"font-size\":\"desktop:30px;\",\"line-height\":\"desktop:40px;\"}'  style=\" font-weight:bold;color:#ffffff\">h<\/div><div id=\"counter-responsv-wrap-1341\"  data-ultimate-target='#counter-responsv-wrap-1341 .stats-text'  data-responsive-json-new='{\"font-size\":\"desktop:20px;\",\"line-height\":\"desktop:30px;\"}'  class=\"stats-text ult-responsive\" style=\"font-size:px; color:#ffffff; \">Bezpiecze\u0144stwa<\/div><\/div><\/div>[\/vc_column_inner][\/vc_row_inner][\/vc_column][\/vc_row]<\/p>\n","protected":false},"excerpt":{"rendered":"<p>[vc_row type=&#8221;vc_default&#8221; bg_type=&#8221;image&#8221; parallax_style=&#8221;vcpb-vz-jquery&#8221; bg_image_new=&#8221;id^323|url^https:\/\/securityservice.pl\/app\/uploads\/2016\/12\/row1-1.jpg|caption^null|alt^null|title^row1|description^null&#8221; bg_image_repeat=&#8221;no-repeat&#8221; bg_override=&#8221;full&#8221; enable_overlay=&#8221;enable_overlay_value&#8221; overlay_color=&#8221;rgba(0,0,0,0.5)&#8221; overlay_pattern=&#8221;transperant&#8221; seperator_enable=&#8221;seperator_enable_value&#8221; seperator_type=&#8221;tilt_left_seperator&#8221; seperator_position=&#8221;bottom_seperator&#8221; seperator_svg_height=&#8221;100&#8243; seperator_shape_background=&#8221;#ffffff&#8221; css=&#8221;.vc_custom_1495303395580{background-color: #000000 !important;}&#8221; el_id=&#8221;home&#8221;][vc_column css=&#8221;.vc_custom_1481818684109{padding-top: 14% !important;padding-bottom: 130px !important;}&#8221;][rev_slider_vc alias=&#8221;top-slider-pl&#8221;][\/vc_column][\/vc_row][vc_row type=&#8221;vc_default&#8221; equal_height=&#8221;yes&#8221; margin_top=&#8221;55&#8243; margin_bottom=&#8221;5&#8243; bg_type=&#8221;bg_color&#8221; bg_override=&#8221;ex-full&#8221; css=&#8221;.vc_custom_1494865328005{padding-top: 65px !important;padding-bottom: 15px !important;}&#8221; bg_color_value=&#8221;#ffffff&#8221; el_id=&#8221;o-nas&#8221;][vc_column offset=&#8221;vc_col-lg-offset-2 vc_col-lg-8 vc_col-md-offset-1 vc_col-md-10&#8243; css=&#8221;.vc_custom_1476886803285{padding-bottom: 80px !important;}&#8221;][vc_column_text] Istot\u0105 dzia\u0142alno\u015bci agencji ochrony Security Service jest zapewnienie obywatelom bezpiecze\u0144stwa&hellip;<\/p>\n","protected":false},"author":4,"featured_media":0,"parent":0,"menu_order":0,"comment_status":"closed","ping_status":"closed","template":"template-microsite.php","meta":[],"yoast_head":"<!-- This site is optimized with the Yoast SEO plugin v20.6 - https:\/\/yoast.com\/wordpress\/plugins\/seo\/ -->\n<title>Ochrona Kutno | Firma ochroniarska Security Service<\/title>\n<meta name=\"robots\" content=\"index, follow, max-snippet:-1, max-image-preview:large, max-video-preview:-1\" \/>\n<link rel=\"canonical\" href=\"https:\/\/www.securityservice.pl\/ochrona-kutno\/\" \/>\n<meta property=\"og:locale\" content=\"pl_PL\" \/>\n<meta property=\"og:type\" content=\"article\" \/>\n<meta property=\"og:title\" content=\"Ochrona Kutno | Firma ochroniarska Security Service\" \/>\n<meta property=\"og:description\" content=\"[vc_row type=&#8221;vc_default&#8221; bg_type=&#8221;image&#8221; parallax_style=&#8221;vcpb-vz-jquery&#8221; bg_image_new=&#8221;id^323|url^https:\/\/securityservice.pl\/app\/uploads\/2016\/12\/row1-1.jpg|caption^null|alt^null|title^row1|description^null&#8221; bg_image_repeat=&#8221;no-repeat&#8221; bg_override=&#8221;full&#8221; enable_overlay=&#8221;enable_overlay_value&#8221; overlay_color=&#8221;rgba(0,0,0,0.5)&#8221; overlay_pattern=&#8221;transperant&#8221; seperator_enable=&#8221;seperator_enable_value&#8221; seperator_type=&#8221;tilt_left_seperator&#8221; seperator_position=&#8221;bottom_seperator&#8221; seperator_svg_height=&#8221;100&#8243; seperator_shape_background=&#8221;#ffffff&#8221; css=&#8221;.vc_custom_1495303395580{background-color: #000000 !important;}&#8221; el_id=&#8221;home&#8221;][vc_column css=&#8221;.vc_custom_1481818684109{padding-top: 14% !important;padding-bottom: 130px !important;}&#8221;][rev_slider_vc alias=&#8221;top-slider-pl&#8221;][\/vc_column][\/vc_row][vc_row type=&#8221;vc_default&#8221; equal_height=&#8221;yes&#8221; margin_top=&#8221;55&#8243; margin_bottom=&#8221;5&#8243; bg_type=&#8221;bg_color&#8221; bg_override=&#8221;ex-full&#8221; css=&#8221;.vc_custom_1494865328005{padding-top: 65px !important;padding-bottom: 15px !important;}&#8221; bg_color_value=&#8221;#ffffff&#8221; el_id=&#8221;o-nas&#8221;][vc_column offset=&#8221;vc_col-lg-offset-2 vc_col-lg-8 vc_col-md-offset-1 vc_col-md-10&#8243; css=&#8221;.vc_custom_1476886803285{padding-bottom: 80px !important;}&#8221;][vc_column_text] Istot\u0105 dzia\u0142alno\u015bci agencji ochrony Security Service jest zapewnienie obywatelom bezpiecze\u0144stwa&hellip;\" \/>\n<meta property=\"og:url\" content=\"https:\/\/www.securityservice.pl\/ochrona-kutno\/\" \/>\n<meta property=\"og:site_name\" content=\"Agencja ochrony - \u0141\u00f3d\u017a\" \/>\n<meta property=\"article:modified_time\" content=\"2018-06-22T09:09:30+00:00\" \/>\n<meta name=\"twitter:card\" content=\"summary_large_image\" \/>\n<meta name=\"twitter:label1\" content=\"Est. reading time\" \/>\n\t<meta name=\"twitter:data1\" content=\"5 minut\" \/>\n<script type=\"application\/ld+json\" class=\"yoast-schema-graph\">{\"@context\":\"https:\/\/schema.org\",\"@graph\":[{\"@type\":\"WebPage\",\"@id\":\"https:\/\/www.securityservice.pl\/ochrona-kutno\/\",\"url\":\"https:\/\/www.securityservice.pl\/ochrona-kutno\/\",\"name\":\"Ochrona Kutno | Firma ochroniarska Security Service\",\"isPartOf\":{\"@id\":\"https:\/\/www.securityservice.pl\/pl\/#website\"},\"datePublished\":\"2018-05-24T10:21:31+00:00\",\"dateModified\":\"2018-06-22T09:09:30+00:00\",\"breadcrumb\":{\"@id\":\"https:\/\/www.securityservice.pl\/ochrona-kutno\/#breadcrumb\"},\"inLanguage\":\"pl-PL\",\"potentialAction\":[{\"@type\":\"ReadAction\",\"target\":[\"https:\/\/www.securityservice.pl\/ochrona-kutno\/\"]}]},{\"@type\":\"BreadcrumbList\",\"@id\":\"https:\/\/www.securityservice.pl\/ochrona-kutno\/#breadcrumb\",\"itemListElement\":[{\"@type\":\"ListItem\",\"position\":1,\"name\":\"Strona g\u0142\u00f3wna\",\"item\":\"https:\/\/www.securityservice.pl\/pl\/\"},{\"@type\":\"ListItem\",\"position\":2,\"name\":\"Ochrona Kutno\"}]},{\"@type\":\"WebSite\",\"@id\":\"https:\/\/www.securityservice.pl\/pl\/#website\",\"url\":\"https:\/\/www.securityservice.pl\/pl\/\",\"name\":\"Agencja ochrony - \u0141\u00f3d\u017a\",\"description\":\"Agencja ochrony - \u0141\u00f3d\u017a - ochrona fizyczna mienia | Firma ochroniarska Security Service\",\"publisher\":{\"@id\":\"https:\/\/www.securityservice.pl\/pl\/#organization\"},\"potentialAction\":[{\"@type\":\"SearchAction\",\"target\":{\"@type\":\"EntryPoint\",\"urlTemplate\":\"https:\/\/www.securityservice.pl\/pl\/?s={search_term_string}\"},\"query-input\":\"required name=search_term_string\"}],\"inLanguage\":\"pl-PL\"},{\"@type\":\"Organization\",\"@id\":\"https:\/\/www.securityservice.pl\/pl\/#organization\",\"name\":\"Agencja ochrony - \u0141\u00f3d\u017a\",\"url\":\"https:\/\/www.securityservice.pl\/pl\/\",\"logo\":{\"@type\":\"ImageObject\",\"inLanguage\":\"pl-PL\",\"@id\":\"https:\/\/www.securityservice.pl\/pl\/#\/schema\/logo\/image\/\",\"url\":\"https:\/\/www.securityservice.pl\/app\/uploads\/2017\/05\/logo-320.png\",\"contentUrl\":\"https:\/\/www.securityservice.pl\/app\/uploads\/2017\/05\/logo-320.png\",\"width\":320,\"height\":320,\"caption\":\"Agencja ochrony - \u0141\u00f3d\u017a\"},\"image\":{\"@id\":\"https:\/\/www.securityservice.pl\/pl\/#\/schema\/logo\/image\/\"}}]}<\/script>\n<!-- \/ Yoast SEO plugin. -->","yoast_head_json":{"title":"Ochrona Kutno | Firma ochroniarska Security Service","robots":{"index":"index","follow":"follow","max-snippet":"max-snippet:-1","max-image-preview":"max-image-preview:large","max-video-preview":"max-video-preview:-1"},"canonical":"https:\/\/www.securityservice.pl\/ochrona-kutno\/","og_locale":"pl_PL","og_type":"article","og_title":"Ochrona Kutno | Firma ochroniarska Security Service","og_description":"[vc_row type=&#8221;vc_default&#8221; bg_type=&#8221;image&#8221; parallax_style=&#8221;vcpb-vz-jquery&#8221; bg_image_new=&#8221;id^323|url^https:\/\/securityservice.pl\/app\/uploads\/2016\/12\/row1-1.jpg|caption^null|alt^null|title^row1|description^null&#8221; bg_image_repeat=&#8221;no-repeat&#8221; bg_override=&#8221;full&#8221; enable_overlay=&#8221;enable_overlay_value&#8221; overlay_color=&#8221;rgba(0,0,0,0.5)&#8221; overlay_pattern=&#8221;transperant&#8221; seperator_enable=&#8221;seperator_enable_value&#8221; seperator_type=&#8221;tilt_left_seperator&#8221; seperator_position=&#8221;bottom_seperator&#8221; seperator_svg_height=&#8221;100&#8243; seperator_shape_background=&#8221;#ffffff&#8221; css=&#8221;.vc_custom_1495303395580{background-color: #000000 !important;}&#8221; el_id=&#8221;home&#8221;][vc_column css=&#8221;.vc_custom_1481818684109{padding-top: 14% !important;padding-bottom: 130px !important;}&#8221;][rev_slider_vc alias=&#8221;top-slider-pl&#8221;][\/vc_column][\/vc_row][vc_row type=&#8221;vc_default&#8221; equal_height=&#8221;yes&#8221; margin_top=&#8221;55&#8243; margin_bottom=&#8221;5&#8243; bg_type=&#8221;bg_color&#8221; bg_override=&#8221;ex-full&#8221; css=&#8221;.vc_custom_1494865328005{padding-top: 65px !important;padding-bottom: 15px !important;}&#8221; bg_color_value=&#8221;#ffffff&#8221; el_id=&#8221;o-nas&#8221;][vc_column offset=&#8221;vc_col-lg-offset-2 vc_col-lg-8 vc_col-md-offset-1 vc_col-md-10&#8243; css=&#8221;.vc_custom_1476886803285{padding-bottom: 80px !important;}&#8221;][vc_column_text] Istot\u0105 dzia\u0142alno\u015bci agencji ochrony Security Service jest zapewnienie obywatelom bezpiecze\u0144stwa&hellip;","og_url":"https:\/\/www.securityservice.pl\/ochrona-kutno\/","og_site_name":"Agencja ochrony - \u0141\u00f3d\u017a","article_modified_time":"2018-06-22T09:09:30+00:00","twitter_card":"summary_large_image","twitter_misc":{"Est. reading time":"5 minut"},"schema":{"@context":"https:\/\/schema.org","@graph":[{"@type":"WebPage","@id":"https:\/\/www.securityservice.pl\/ochrona-kutno\/","url":"https:\/\/www.securityservice.pl\/ochrona-kutno\/","name":"Ochrona Kutno | Firma ochroniarska Security Service","isPartOf":{"@id":"https:\/\/www.securityservice.pl\/pl\/#website"},"datePublished":"2018-05-24T10:21:31+00:00","dateModified":"2018-06-22T09:09:30+00:00","breadcrumb":{"@id":"https:\/\/www.securityservice.pl\/ochrona-kutno\/#breadcrumb"},"inLanguage":"pl-PL","potentialAction":[{"@type":"ReadAction","target":["https:\/\/www.securityservice.pl\/ochrona-kutno\/"]}]},{"@type":"BreadcrumbList","@id":"https:\/\/www.securityservice.pl\/ochrona-kutno\/#breadcrumb","itemListElement":[{"@type":"ListItem","position":1,"name":"Strona g\u0142\u00f3wna","item":"https:\/\/www.securityservice.pl\/pl\/"},{"@type":"ListItem","position":2,"name":"Ochrona Kutno"}]},{"@type":"WebSite","@id":"https:\/\/www.securityservice.pl\/pl\/#website","url":"https:\/\/www.securityservice.pl\/pl\/","name":"Agencja ochrony - \u0141\u00f3d\u017a","description":"Agencja ochrony - \u0141\u00f3d\u017a - ochrona fizyczna mienia | Firma ochroniarska Security Service","publisher":{"@id":"https:\/\/www.securityservice.pl\/pl\/#organization"},"potentialAction":[{"@type":"SearchAction","target":{"@type":"EntryPoint","urlTemplate":"https:\/\/www.securityservice.pl\/pl\/?s={search_term_string}"},"query-input":"required name=search_term_string"}],"inLanguage":"pl-PL"},{"@type":"Organization","@id":"https:\/\/www.securityservice.pl\/pl\/#organization","name":"Agencja ochrony - \u0141\u00f3d\u017a","url":"https:\/\/www.securityservice.pl\/pl\/","logo":{"@type":"ImageObject","inLanguage":"pl-PL","@id":"https:\/\/www.securityservice.pl\/pl\/#\/schema\/logo\/image\/","url":"https:\/\/www.securityservice.pl\/app\/uploads\/2017\/05\/logo-320.png","contentUrl":"https:\/\/www.securityservice.pl\/app\/uploads\/2017\/05\/logo-320.png","width":320,"height":320,"caption":"Agencja ochrony - \u0141\u00f3d\u017a"},"image":{"@id":"https:\/\/www.securityservice.pl\/pl\/#\/schema\/logo\/image\/"}}]}},"_links":{"self":[{"href":"https:\/\/www.securityservice.pl\/pl\/wp-json\/wp\/v2\/pages\/452"}],"collection":[{"href":"https:\/\/www.securityservice.pl\/pl\/wp-json\/wp\/v2\/pages"}],"about":[{"href":"https:\/\/www.securityservice.pl\/pl\/wp-json\/wp\/v2\/types\/page"}],"author":[{"embeddable":true,"href":"https:\/\/www.securityservice.pl\/pl\/wp-json\/wp\/v2\/users\/4"}],"replies":[{"embeddable":true,"href":"https:\/\/www.securityservice.pl\/pl\/wp-json\/wp\/v2\/comments?post=452"}],"version-history":[{"count":0,"href":"https:\/\/www.securityservice.pl\/pl\/wp-json\/wp\/v2\/pages\/452\/revisions"}],"wp:attachment":[{"href":"https:\/\/www.securityservice.pl\/pl\/wp-json\/wp\/v2\/media?parent=452"}],"curies":[{"name":"wp","href":"https:\/\/api.w.org\/{rel}","templated":true}]}}