{"id":458,"date":"2018-05-24T10:39:23","date_gmt":"2018-05-24T10:39:23","guid":{"rendered":"https:\/\/www.securityservice.pl\/?page_id=458\/"},"modified":"2019-10-16T12:56:57","modified_gmt":"2019-10-16T12:56:57","slug":"ochrona-strykow","status":"publish","type":"page","link":"https:\/\/www.securityservice.pl\/ochrona-strykow\/","title":{"rendered":"Ochrona Stryko\u0301w"},"content":{"rendered":"<p>[vc_row type=&#8221;vc_default&#8221; bg_type=&#8221;image&#8221; parallax_style=&#8221;vcpb-vz-jquery&#8221; bg_image_new=&#8221;id^323|url^https:\/\/securityservice.pl\/app\/uploads\/2016\/12\/row1-1.jpg|caption^null|alt^null|title^row1|description^null&#8221; bg_image_repeat=&#8221;no-repeat&#8221; bg_override=&#8221;full&#8221; enable_overlay=&#8221;enable_overlay_value&#8221; overlay_color=&#8221;rgba(0,0,0,0.5)&#8221; overlay_pattern=&#8221;transperant&#8221; seperator_enable=&#8221;seperator_enable_value&#8221; seperator_type=&#8221;tilt_left_seperator&#8221; seperator_position=&#8221;bottom_seperator&#8221; seperator_svg_height=&#8221;100&#8243; seperator_shape_background=&#8221;#ffffff&#8221; css=&#8221;.vc_custom_1495303395580{background-color: #000000 !important;}&#8221; el_id=&#8221;home&#8221;][vc_column css=&#8221;.vc_custom_1481818684109{padding-top: 14% !important;padding-bottom: 130px !important;}&#8221;][rev_slider_vc alias=&#8221;top-slider-pl&#8221;][\/vc_column][\/vc_row][vc_row type=&#8221;vc_default&#8221; equal_height=&#8221;yes&#8221; margin_top=&#8221;55&#8243; margin_bottom=&#8221;5&#8243; bg_type=&#8221;bg_color&#8221; bg_override=&#8221;ex-full&#8221; css=&#8221;.vc_custom_1494865328005{padding-top: 65px !important;padding-bottom: 15px !important;}&#8221; bg_color_value=&#8221;#ffffff&#8221; el_id=&#8221;o-nas&#8221;][vc_column offset=&#8221;vc_col-lg-offset-2 vc_col-lg-8 vc_col-md-offset-1 vc_col-md-10&#8243; css=&#8221;.vc_custom_1476886803285{padding-bottom: 80px !important;}&#8221;]<div id=\"ultimate-heading-161669f4dd93a1a62\" class=\"uvc-heading ult-adjust-bottom-margin ultimate-heading-161669f4dd93a1a62 uvc-2567 accent-border-color\" data-hspacer=\"line_only\"  data-halign=\"center\" style=\"text-align:center\"><div class=\"uvc-main-heading ult-responsive\"  data-ultimate-target='.uvc-heading.ultimate-heading-161669f4dd93a1a62 h1'  data-responsive-json-new='{\"font-size\":\"desktop:34px;\",\"line-height\":\"desktop:44px;\"}' ><h1 style=\"font-weight:bold;margin-bottom:15px;\">Ochrona Stryk\u00f3w<\/h1><\/div><div class=\"uvc-heading-spacer line_only\" style=\"margin-bottom:35px;height:3px;\"><span class=\"uvc-headings-line\" style=\"border-style:solid;border-bottom-width:3px;border-color:;width:200px;\"><\/span><\/div><\/div>[vc_column_text]<\/p>\n<p align=\"justify\">Ju\u017c dzi\u015b na wyci\u0105gni\u0119cie Pa\u0144stwa r\u0119ki znajduje si\u0119 profesjonalna ochrona. Stryk\u00f3w to kolejne miasto, o kt\u00f3re agencja Security Service poszerzy\u0142a obszar \u015bwiadczonych us\u0142ug. Nasz\u0105 specjalno\u015bci\u0105 jest fizyczna ochrona mienia. W ramach niej stacjonarnie ochraniamy obiekty biznesowe, przemys\u0142owe i handlowe, a tak\u017ce budynki komercyjne, posesje mieszkalne czy imprezy plenerowe.<\/p>\n<p align=\"justify\">Wysoki standard realizowanych przedsi\u0119wzi\u0119\u0107 jest zas\u0142ug\u0105 wieloletniej praktyki, znakomicie przygotowanego, wyselekcjonowanego personelu oraz profesjonalnego podej\u015bcia do powierzonych zada\u0144. Ka\u017cde zlecenie traktujemy indywidualnie, dopasowuj\u0105c system ochrony do potrzeb obs\u0142ugiwanego Klienta.<\/p>\n<p align=\"justify\">Zapraszamy do wsp\u00f3\u0142pracy w\u0142a\u015bcicieli budynk\u00f3w mieszkalnych, firm, administrator\u00f3w obiekt\u00f3w u\u017cyteczno\u015bci publicznej oraz wszystkich Klient\u00f3w, kt\u00f3rym zale\u017cy na niezawodnej ochronie mienia. Je\u015bli Pa\u0144stwa siedzib\u0105 jest Stryk\u00f3w lub jego okolice, gor\u0105co zach\u0119camy do um\u00f3wienia si\u0119 na spotkanie z naszym przedstawicielem w celu zapoznania si\u0119 z ofert\u0105 i om\u00f3wienia warunk\u00f3w wsp\u00f3\u0142pracy.<\/p>\n<p>[\/vc_column_text][\/vc_column][\/vc_row][vc_row type=&#8221;vc_default&#8221; bg_type=&#8221;image&#8221; parallax_style=&#8221;vcpb-vz-jquery&#8221; bg_image_new=&#8221;id^353|url^https:\/\/securityservice.pl\/app\/uploads\/2017\/05\/row_new1.jpg|caption^null|alt^null|title^row_new1|description^null&#8221; bg_image_repeat=&#8221;no-repeat&#8221; bg_override=&#8221;ex-full&#8221; enable_overlay=&#8221;enable_overlay_value&#8221; overlay_color=&#8221;rgba(0,0,0,0.6)&#8221; overlay_pattern=&#8221;transperant&#8221; seperator_enable=&#8221;seperator_enable_value&#8221; seperator_type=&#8221;tilt_left_seperator&#8221; seperator_position=&#8221;top_bottom_seperator&#8221; seperator_svg_height=&#8221;100&#8243; seperator_shape_background=&#8221;#ffffff&#8221; css=&#8221;.vc_custom_1495049067225{padding-top: 170px !important;padding-right: 25px !important;padding-bottom: 170px !important;padding-left: 25px !important;background-color: #000000 !important;}&#8221; el_id=&#8221;ochrona-fizyczna&#8221;][vc_column][vc_row_inner equal_height=&#8221;yes&#8221; content_placement=&#8221;middle&#8221; css=&#8221;.vc_custom_1527502955912{border-top-width: 9px !important;border-right-width: 9px !important;border-bottom-width: 9px !important;border-left-width: 9px !important;padding-top: 60px !important;padding-right: 25px !important;padding-bottom: 10px !important;padding-left: 25px !important;border-left-color: rgba(255,255,255,0.3) !important;border-left-style: double !important;border-right-color: rgba(255,255,255,0.3) !important;border-right-style: double !important;border-top-color: rgba(255,255,255,0.3) !important;border-top-style: double !important;border-bottom-color: rgba(255,255,255,0.3) !important;border-bottom-style: double !important;}&#8221;][vc_column_inner width=&#8221;7\/12&#8243; offset=&#8221;vc_col-lg-8 vc_col-md-8&#8243; css=&#8221;.vc_custom_1476814097619{margin-top: 0px !important;margin-right: 0px !important;margin-bottom: 0px !important;margin-left: 0px !important;padding-top: 0px !important;padding-right: 25px !important;padding-bottom: 50px !important;padding-left: 25px !important;}&#8221;]<div id=\"ultimate-heading-740069f4dd93a1a99\" class=\"uvc-heading ult-adjust-bottom-margin ultimate-heading-740069f4dd93a1a99 uvc-7201 accent-border-color\" data-hspacer=\"line_only\"  data-halign=\"left\" style=\"text-align:left\"><div class=\"uvc-main-heading ult-responsive\"  data-ultimate-target='.uvc-heading.ultimate-heading-740069f4dd93a1a99 h2'  data-responsive-json-new='{\"font-size\":\"desktop:34px;\",\"line-height\":\"desktop:44px;\"}' ><h2 style=\"font-weight:normal;color:#ffffff;margin-bottom:10px;\">Ochrona mienia w Strykowie<\/h2><\/div><div class=\"uvc-heading-spacer line_only\" style=\"topheight:3px;\"><span class=\"uvc-headings-line\" style=\"border-style:solid;border-bottom-width:3px;border-color:;width:200px;\"><\/span><\/div><\/div>[vc_gmaps link=&#8221;#E-8_JTNDaWZyYW1lJTIwc3JjJTNEJTIyaHR0cHMlM0ElMkYlMkZ3d3cuZ29vZ2xlLmNvbSUyRm1hcHMlMkZlbWJlZCUzRnBiJTNEJTIxMW0xOCUyMTFtMTIlMjExbTMlMjExZDM5MzgzLjI5NTY4NDc2NTQ5JTIxMmQxOS41OTkzMzc5NjUxOTY1MSUyMTNkNTEuOTA3MzkxMzk3OTI3MjM1JTIxMm0zJTIxMWYwJTIxMmYwJTIxM2YwJTIxM20yJTIxMWkxMDI0JTIxMmk3NjglMjE0ZjEzLjElMjEzbTMlMjExbTIlMjExczB4NDcxYmM4YTQ3YzQ3NGUwMSUyNTNBMHg3YmY4N2JlMTA3NTVkMjI0JTIxMnM5NS0wMTAlMkJTdHJ5ayUyNUMzJTI1QjN3JTIxNWUwJTIxM20yJTIxMXNwbCUyMTJzcGwlMjE0djE1MjcxNTgzMDkxOTUlMjIlMjB3aWR0aCUzRCUyMjYwMCUyMiUyMGhlaWdodCUzRCUyMjQ1MCUyMiUyMGZyYW1lYm9yZGVyJTNEJTIyMCUyMiUyMHN0eWxlJTNEJTIyYm9yZGVyJTNBMCUyMiUyMGFsbG93ZnVsbHNjcmVlbiUzRSUzQyUyRmlmcmFtZSUzRQ==&#8221; css=&#8221;.vc_custom_1527502739062{margin-top: 15px !important;}&#8221;][\/vc_column_inner][vc_column_inner width=&#8221;5\/12&#8243; css=&#8221;.vc_custom_1476869609525{padding-top: 3px !important;padding-right: 25px !important;padding-bottom: 50px !important;padding-left: 25px !important;}&#8221; offset=&#8221;vc_col-lg-4 vc_col-md-4&#8243;]<div class=\"stats-block stats-left  accent-icon-bg  vc_custom_1495050445411\"><div class=\"aio-icon-left\"><div class=\"ult-just-icon-wrapper  \"><div class=\"align-icon\" style=\"text-align:center;\">\n<div class=\"aio-icon advanced \"  style=\"color:#ffffff;background:#ffffff;border-style:;border-color:#333333;border-width:1px;width:44px;height:44px;line-height:44px;border-radius:500px;font-size:24px;display:inline-block;\">\n\t<i class=\"Defaults-home\"><\/i>\n<\/div><\/div><\/div><\/div><div class=\"stats-desc\" id=\"counter-responsv-wrap-2108\"><div id=\"counter_111623676469f4dd93a1b9b\" data-id=\"counter_111623676469f4dd93a1b9b\"  data-ultimate-target='#counter-responsv-wrap-2108 .stats-number'  data-responsive-json-new='{\"font-size\":\"desktop:40px;\",\"line-height\":\"desktop:50px;\"}'  class=\"stats-number ult-responsive\" style=\" color:#ffffff; font-weight:bold;color:#ffffff;\" data-speed=\"5\" data-counter-value=\"20\" data-separator=\",\" data-decimal=\".\">0<\/div><div class=\"counter_suffix mycust ult-responsive\"  data-ultimate-target='#counter-responsv-wrap-2108 .mycust'  data-responsive-json-new='{\"font-size\":\"desktop:30px;\",\"line-height\":\"desktop:40px;\"}'  style=\" font-weight:bold;color:#ffffff\">+<\/div><div id=\"counter-responsv-wrap-2108\"  data-ultimate-target='#counter-responsv-wrap-2108 .stats-text'  data-responsive-json-new='{\"font-size\":\"desktop:20px;\",\"line-height\":\"desktop:30px;\"}'  class=\"stats-text ult-responsive\" style=\"font-size:px; color:#ffffff; \">Lat w bran\u017cy ochrony mienia<\/div><\/div><\/div><div class=\"stats-block stats-left  accent-icon-bg  vc_custom_1495049159658\"><div class=\"aio-icon-left\"><div class=\"ult-just-icon-wrapper  \"><div class=\"align-icon\" style=\"text-align:center;\">\n<div class=\"aio-icon advanced \"  style=\"color:#ffffff;background:#ffffff;border-style:;border-color:#333333;border-width:1px;width:44px;height:44px;line-height:44px;border-radius:500px;font-size:24px;display:inline-block;\">\n\t<i class=\"Defaults-home\"><\/i>\n<\/div><\/div><\/div><\/div><div class=\"stats-desc\" id=\"counter-responsv-wrap-3722\"><div id=\"counter_170971970369f4dd93a1c16\" data-id=\"counter_170971970369f4dd93a1c16\"  data-ultimate-target='#counter-responsv-wrap-3722 .stats-number'  data-responsive-json-new='{\"font-size\":\"desktop:40px;\",\"line-height\":\"desktop:50px;\"}'  class=\"stats-number ult-responsive\" style=\" color:#ffffff; font-weight:bold;color:#ffffff;\" data-speed=\"5\" data-counter-value=\"100\" data-separator=\",\" data-decimal=\".\">0<\/div><div class=\"counter_suffix mycust ult-responsive\"  data-ultimate-target='#counter-responsv-wrap-3722 .mycust'  data-responsive-json-new='{\"font-size\":\"desktop:30px;\",\"line-height\":\"desktop:40px;\"}'  style=\" font-weight:bold;color:#ffffff\">+<\/div><div id=\"counter-responsv-wrap-3722\"  data-ultimate-target='#counter-responsv-wrap-3722 .stats-text'  data-responsive-json-new='{\"font-size\":\"desktop:20px;\",\"line-height\":\"desktop:30px;\"}'  class=\"stats-text ult-responsive\" style=\"font-size:px; color:#ffffff; \">Chronionych obiekt\u00f3w<\/div><\/div><\/div><div class=\"stats-block stats-left  accent-icon-bg  vc_custom_1495049180349\"><div class=\"aio-icon-left\"><div class=\"ult-just-icon-wrapper  \"><div class=\"align-icon\" style=\"text-align:center;\">\n<div class=\"aio-icon advanced \"  style=\"color:#ffffff;background:#ffffff;border-style:;border-color:#333333;border-width:1px;width:44px;height:44px;line-height:44px;border-radius:500px;font-size:24px;display:inline-block;\">\n\t<i class=\"Defaults-clock-o\"><\/i>\n<\/div><\/div><\/div><\/div><div class=\"stats-desc\" id=\"counter-responsv-wrap-7824\"><div id=\"counter_165731114269f4dd93a1c84\" data-id=\"counter_165731114269f4dd93a1c84\"  data-ultimate-target='#counter-responsv-wrap-7824 .stats-number'  data-responsive-json-new='{\"font-size\":\"desktop:40px;\",\"line-height\":\"desktop:50px;\"}'  class=\"stats-number ult-responsive\" style=\" color:#ffffff; font-weight:bold;color:#ffffff;\" data-speed=\"5\" data-counter-value=\"24\" data-separator=\",\" data-decimal=\".\">0<\/div><div class=\"counter_suffix mycust ult-responsive\"  data-ultimate-target='#counter-responsv-wrap-7824 .mycust'  data-responsive-json-new='{\"font-size\":\"desktop:30px;\",\"line-height\":\"desktop:40px;\"}'  style=\" font-weight:bold;color:#ffffff\">h<\/div><div id=\"counter-responsv-wrap-7824\"  data-ultimate-target='#counter-responsv-wrap-7824 .stats-text'  data-responsive-json-new='{\"font-size\":\"desktop:20px;\",\"line-height\":\"desktop:30px;\"}'  class=\"stats-text ult-responsive\" style=\"font-size:px; color:#ffffff; \">Bezpiecze\u0144stwa<\/div><\/div><\/div>[\/vc_column_inner][\/vc_row_inner][\/vc_column][\/vc_row]<\/p>\n","protected":false},"excerpt":{"rendered":"<p>[vc_row type=&#8221;vc_default&#8221; bg_type=&#8221;image&#8221; parallax_style=&#8221;vcpb-vz-jquery&#8221; bg_image_new=&#8221;id^323|url^https:\/\/securityservice.pl\/app\/uploads\/2016\/12\/row1-1.jpg|caption^null|alt^null|title^row1|description^null&#8221; bg_image_repeat=&#8221;no-repeat&#8221; bg_override=&#8221;full&#8221; enable_overlay=&#8221;enable_overlay_value&#8221; overlay_color=&#8221;rgba(0,0,0,0.5)&#8221; overlay_pattern=&#8221;transperant&#8221; seperator_enable=&#8221;seperator_enable_value&#8221; seperator_type=&#8221;tilt_left_seperator&#8221; seperator_position=&#8221;bottom_seperator&#8221; seperator_svg_height=&#8221;100&#8243; seperator_shape_background=&#8221;#ffffff&#8221; css=&#8221;.vc_custom_1495303395580{background-color: #000000 !important;}&#8221; el_id=&#8221;home&#8221;][vc_column css=&#8221;.vc_custom_1481818684109{padding-top: 14% !important;padding-bottom: 130px !important;}&#8221;][rev_slider_vc alias=&#8221;top-slider-pl&#8221;][\/vc_column][\/vc_row][vc_row type=&#8221;vc_default&#8221; equal_height=&#8221;yes&#8221; margin_top=&#8221;55&#8243; margin_bottom=&#8221;5&#8243; bg_type=&#8221;bg_color&#8221; bg_override=&#8221;ex-full&#8221; css=&#8221;.vc_custom_1494865328005{padding-top: 65px !important;padding-bottom: 15px !important;}&#8221; bg_color_value=&#8221;#ffffff&#8221; el_id=&#8221;o-nas&#8221;][vc_column offset=&#8221;vc_col-lg-offset-2 vc_col-lg-8 vc_col-md-offset-1 vc_col-md-10&#8243; css=&#8221;.vc_custom_1476886803285{padding-bottom: 80px !important;}&#8221;][vc_column_text] Ju\u017c dzi\u015b na wyci\u0105gni\u0119cie Pa\u0144stwa r\u0119ki znajduje si\u0119 profesjonalna ochrona.&hellip;<\/p>\n","protected":false},"author":4,"featured_media":0,"parent":0,"menu_order":0,"comment_status":"closed","ping_status":"closed","template":"template-microsite.php","meta":[],"yoast_head":"<!-- This site is optimized with the Yoast SEO plugin v20.6 - https:\/\/yoast.com\/wordpress\/plugins\/seo\/ -->\n<title>Ochrona Stryk\u00f3w | Firma ochroniarska Security Service<\/title>\n<meta name=\"robots\" content=\"index, follow, max-snippet:-1, max-image-preview:large, max-video-preview:-1\" \/>\n<link rel=\"canonical\" href=\"https:\/\/www.securityservice.pl\/ochrona-strykow\/\" \/>\n<meta property=\"og:locale\" content=\"pl_PL\" \/>\n<meta property=\"og:type\" content=\"article\" \/>\n<meta property=\"og:title\" content=\"Ochrona Stryk\u00f3w | Firma ochroniarska Security Service\" \/>\n<meta property=\"og:description\" content=\"[vc_row type=&#8221;vc_default&#8221; bg_type=&#8221;image&#8221; parallax_style=&#8221;vcpb-vz-jquery&#8221; bg_image_new=&#8221;id^323|url^https:\/\/securityservice.pl\/app\/uploads\/2016\/12\/row1-1.jpg|caption^null|alt^null|title^row1|description^null&#8221; bg_image_repeat=&#8221;no-repeat&#8221; bg_override=&#8221;full&#8221; enable_overlay=&#8221;enable_overlay_value&#8221; overlay_color=&#8221;rgba(0,0,0,0.5)&#8221; overlay_pattern=&#8221;transperant&#8221; seperator_enable=&#8221;seperator_enable_value&#8221; seperator_type=&#8221;tilt_left_seperator&#8221; seperator_position=&#8221;bottom_seperator&#8221; seperator_svg_height=&#8221;100&#8243; seperator_shape_background=&#8221;#ffffff&#8221; css=&#8221;.vc_custom_1495303395580{background-color: #000000 !important;}&#8221; el_id=&#8221;home&#8221;][vc_column css=&#8221;.vc_custom_1481818684109{padding-top: 14% !important;padding-bottom: 130px !important;}&#8221;][rev_slider_vc alias=&#8221;top-slider-pl&#8221;][\/vc_column][\/vc_row][vc_row type=&#8221;vc_default&#8221; equal_height=&#8221;yes&#8221; margin_top=&#8221;55&#8243; margin_bottom=&#8221;5&#8243; bg_type=&#8221;bg_color&#8221; bg_override=&#8221;ex-full&#8221; css=&#8221;.vc_custom_1494865328005{padding-top: 65px !important;padding-bottom: 15px !important;}&#8221; bg_color_value=&#8221;#ffffff&#8221; el_id=&#8221;o-nas&#8221;][vc_column offset=&#8221;vc_col-lg-offset-2 vc_col-lg-8 vc_col-md-offset-1 vc_col-md-10&#8243; css=&#8221;.vc_custom_1476886803285{padding-bottom: 80px !important;}&#8221;][vc_column_text] Ju\u017c dzi\u015b na wyci\u0105gni\u0119cie Pa\u0144stwa r\u0119ki znajduje si\u0119 profesjonalna ochrona.&hellip;\" \/>\n<meta property=\"og:url\" content=\"https:\/\/www.securityservice.pl\/ochrona-strykow\/\" \/>\n<meta property=\"og:site_name\" content=\"Agencja ochrony - \u0141\u00f3d\u017a\" \/>\n<meta property=\"article:modified_time\" content=\"2019-10-16T12:56:57+00:00\" \/>\n<meta name=\"twitter:card\" content=\"summary_large_image\" \/>\n<meta name=\"twitter:label1\" content=\"Est. reading time\" \/>\n\t<meta name=\"twitter:data1\" content=\"5 minut\" \/>\n<script type=\"application\/ld+json\" class=\"yoast-schema-graph\">{\"@context\":\"https:\/\/schema.org\",\"@graph\":[{\"@type\":\"WebPage\",\"@id\":\"https:\/\/www.securityservice.pl\/ochrona-strykow\/\",\"url\":\"https:\/\/www.securityservice.pl\/ochrona-strykow\/\",\"name\":\"Ochrona Stryk\u00f3w | Firma ochroniarska Security Service\",\"isPartOf\":{\"@id\":\"https:\/\/www.securityservice.pl\/pl\/#website\"},\"datePublished\":\"2018-05-24T10:39:23+00:00\",\"dateModified\":\"2019-10-16T12:56:57+00:00\",\"breadcrumb\":{\"@id\":\"https:\/\/www.securityservice.pl\/ochrona-strykow\/#breadcrumb\"},\"inLanguage\":\"pl-PL\",\"potentialAction\":[{\"@type\":\"ReadAction\",\"target\":[\"https:\/\/www.securityservice.pl\/ochrona-strykow\/\"]}]},{\"@type\":\"BreadcrumbList\",\"@id\":\"https:\/\/www.securityservice.pl\/ochrona-strykow\/#breadcrumb\",\"itemListElement\":[{\"@type\":\"ListItem\",\"position\":1,\"name\":\"Strona g\u0142\u00f3wna\",\"item\":\"https:\/\/www.securityservice.pl\/pl\/\"},{\"@type\":\"ListItem\",\"position\":2,\"name\":\"Ochrona Stryko\u0301w\"}]},{\"@type\":\"WebSite\",\"@id\":\"https:\/\/www.securityservice.pl\/pl\/#website\",\"url\":\"https:\/\/www.securityservice.pl\/pl\/\",\"name\":\"Agencja ochrony - \u0141\u00f3d\u017a\",\"description\":\"Agencja ochrony - \u0141\u00f3d\u017a - ochrona fizyczna mienia | Firma ochroniarska Security Service\",\"publisher\":{\"@id\":\"https:\/\/www.securityservice.pl\/pl\/#organization\"},\"potentialAction\":[{\"@type\":\"SearchAction\",\"target\":{\"@type\":\"EntryPoint\",\"urlTemplate\":\"https:\/\/www.securityservice.pl\/pl\/?s={search_term_string}\"},\"query-input\":\"required name=search_term_string\"}],\"inLanguage\":\"pl-PL\"},{\"@type\":\"Organization\",\"@id\":\"https:\/\/www.securityservice.pl\/pl\/#organization\",\"name\":\"Agencja ochrony - \u0141\u00f3d\u017a\",\"url\":\"https:\/\/www.securityservice.pl\/pl\/\",\"logo\":{\"@type\":\"ImageObject\",\"inLanguage\":\"pl-PL\",\"@id\":\"https:\/\/www.securityservice.pl\/pl\/#\/schema\/logo\/image\/\",\"url\":\"https:\/\/www.securityservice.pl\/app\/uploads\/2017\/05\/logo-320.png\",\"contentUrl\":\"https:\/\/www.securityservice.pl\/app\/uploads\/2017\/05\/logo-320.png\",\"width\":320,\"height\":320,\"caption\":\"Agencja ochrony - \u0141\u00f3d\u017a\"},\"image\":{\"@id\":\"https:\/\/www.securityservice.pl\/pl\/#\/schema\/logo\/image\/\"}}]}<\/script>\n<!-- \/ Yoast SEO plugin. -->","yoast_head_json":{"title":"Ochrona Stryk\u00f3w | Firma ochroniarska Security Service","robots":{"index":"index","follow":"follow","max-snippet":"max-snippet:-1","max-image-preview":"max-image-preview:large","max-video-preview":"max-video-preview:-1"},"canonical":"https:\/\/www.securityservice.pl\/ochrona-strykow\/","og_locale":"pl_PL","og_type":"article","og_title":"Ochrona Stryk\u00f3w | Firma ochroniarska Security Service","og_description":"[vc_row type=&#8221;vc_default&#8221; bg_type=&#8221;image&#8221; parallax_style=&#8221;vcpb-vz-jquery&#8221; bg_image_new=&#8221;id^323|url^https:\/\/securityservice.pl\/app\/uploads\/2016\/12\/row1-1.jpg|caption^null|alt^null|title^row1|description^null&#8221; bg_image_repeat=&#8221;no-repeat&#8221; bg_override=&#8221;full&#8221; enable_overlay=&#8221;enable_overlay_value&#8221; overlay_color=&#8221;rgba(0,0,0,0.5)&#8221; overlay_pattern=&#8221;transperant&#8221; seperator_enable=&#8221;seperator_enable_value&#8221; seperator_type=&#8221;tilt_left_seperator&#8221; seperator_position=&#8221;bottom_seperator&#8221; seperator_svg_height=&#8221;100&#8243; seperator_shape_background=&#8221;#ffffff&#8221; css=&#8221;.vc_custom_1495303395580{background-color: #000000 !important;}&#8221; el_id=&#8221;home&#8221;][vc_column css=&#8221;.vc_custom_1481818684109{padding-top: 14% !important;padding-bottom: 130px !important;}&#8221;][rev_slider_vc alias=&#8221;top-slider-pl&#8221;][\/vc_column][\/vc_row][vc_row type=&#8221;vc_default&#8221; equal_height=&#8221;yes&#8221; margin_top=&#8221;55&#8243; margin_bottom=&#8221;5&#8243; bg_type=&#8221;bg_color&#8221; bg_override=&#8221;ex-full&#8221; css=&#8221;.vc_custom_1494865328005{padding-top: 65px !important;padding-bottom: 15px !important;}&#8221; bg_color_value=&#8221;#ffffff&#8221; el_id=&#8221;o-nas&#8221;][vc_column offset=&#8221;vc_col-lg-offset-2 vc_col-lg-8 vc_col-md-offset-1 vc_col-md-10&#8243; css=&#8221;.vc_custom_1476886803285{padding-bottom: 80px !important;}&#8221;][vc_column_text] Ju\u017c dzi\u015b na wyci\u0105gni\u0119cie Pa\u0144stwa r\u0119ki znajduje si\u0119 profesjonalna ochrona.&hellip;","og_url":"https:\/\/www.securityservice.pl\/ochrona-strykow\/","og_site_name":"Agencja ochrony - \u0141\u00f3d\u017a","article_modified_time":"2019-10-16T12:56:57+00:00","twitter_card":"summary_large_image","twitter_misc":{"Est. reading time":"5 minut"},"schema":{"@context":"https:\/\/schema.org","@graph":[{"@type":"WebPage","@id":"https:\/\/www.securityservice.pl\/ochrona-strykow\/","url":"https:\/\/www.securityservice.pl\/ochrona-strykow\/","name":"Ochrona Stryk\u00f3w | Firma ochroniarska Security Service","isPartOf":{"@id":"https:\/\/www.securityservice.pl\/pl\/#website"},"datePublished":"2018-05-24T10:39:23+00:00","dateModified":"2019-10-16T12:56:57+00:00","breadcrumb":{"@id":"https:\/\/www.securityservice.pl\/ochrona-strykow\/#breadcrumb"},"inLanguage":"pl-PL","potentialAction":[{"@type":"ReadAction","target":["https:\/\/www.securityservice.pl\/ochrona-strykow\/"]}]},{"@type":"BreadcrumbList","@id":"https:\/\/www.securityservice.pl\/ochrona-strykow\/#breadcrumb","itemListElement":[{"@type":"ListItem","position":1,"name":"Strona g\u0142\u00f3wna","item":"https:\/\/www.securityservice.pl\/pl\/"},{"@type":"ListItem","position":2,"name":"Ochrona Stryko\u0301w"}]},{"@type":"WebSite","@id":"https:\/\/www.securityservice.pl\/pl\/#website","url":"https:\/\/www.securityservice.pl\/pl\/","name":"Agencja ochrony - \u0141\u00f3d\u017a","description":"Agencja ochrony - \u0141\u00f3d\u017a - ochrona fizyczna mienia | Firma ochroniarska Security Service","publisher":{"@id":"https:\/\/www.securityservice.pl\/pl\/#organization"},"potentialAction":[{"@type":"SearchAction","target":{"@type":"EntryPoint","urlTemplate":"https:\/\/www.securityservice.pl\/pl\/?s={search_term_string}"},"query-input":"required name=search_term_string"}],"inLanguage":"pl-PL"},{"@type":"Organization","@id":"https:\/\/www.securityservice.pl\/pl\/#organization","name":"Agencja ochrony - \u0141\u00f3d\u017a","url":"https:\/\/www.securityservice.pl\/pl\/","logo":{"@type":"ImageObject","inLanguage":"pl-PL","@id":"https:\/\/www.securityservice.pl\/pl\/#\/schema\/logo\/image\/","url":"https:\/\/www.securityservice.pl\/app\/uploads\/2017\/05\/logo-320.png","contentUrl":"https:\/\/www.securityservice.pl\/app\/uploads\/2017\/05\/logo-320.png","width":320,"height":320,"caption":"Agencja ochrony - \u0141\u00f3d\u017a"},"image":{"@id":"https:\/\/www.securityservice.pl\/pl\/#\/schema\/logo\/image\/"}}]}},"_links":{"self":[{"href":"https:\/\/www.securityservice.pl\/pl\/wp-json\/wp\/v2\/pages\/458"}],"collection":[{"href":"https:\/\/www.securityservice.pl\/pl\/wp-json\/wp\/v2\/pages"}],"about":[{"href":"https:\/\/www.securityservice.pl\/pl\/wp-json\/wp\/v2\/types\/page"}],"author":[{"embeddable":true,"href":"https:\/\/www.securityservice.pl\/pl\/wp-json\/wp\/v2\/users\/4"}],"replies":[{"embeddable":true,"href":"https:\/\/www.securityservice.pl\/pl\/wp-json\/wp\/v2\/comments?post=458"}],"version-history":[{"count":2,"href":"https:\/\/www.securityservice.pl\/pl\/wp-json\/wp\/v2\/pages\/458\/revisions"}],"predecessor-version":[{"id":682,"href":"https:\/\/www.securityservice.pl\/pl\/wp-json\/wp\/v2\/pages\/458\/revisions\/682"}],"wp:attachment":[{"href":"https:\/\/www.securityservice.pl\/pl\/wp-json\/wp\/v2\/media?parent=458"}],"curies":[{"name":"wp","href":"https:\/\/api.w.org\/{rel}","templated":true}]}}