{"id":807,"date":"2020-03-31T16:23:14","date_gmt":"2020-03-31T16:23:14","guid":{"rendered":"https:\/\/www.securityservice.pl\/?page_id=807\/"},"modified":"2025-01-02T19:09:36","modified_gmt":"2025-01-02T19:09:36","slug":"parking-lodz-ulica-sienkiewicza","status":"publish","type":"page","link":"https:\/\/www.securityservice.pl\/parking-lodz-ulica-sienkiewicza\/","title":{"rendered":"Parking &#8211; \u0141\u00f3d\u017a  ul. Sienkiewicza 54"},"content":{"rendered":"<p>[vc_row type=&#8221;vc_default&#8221; bg_type=&#8221;image&#8221; parallax_style=&#8221;vcpb-vz-jquery&#8221; bg_image_new=&#8221;id^661|url^https:\/\/www.securityservice.pl\/app\/uploads\/2019\/05\/IMG_0454-croped.jpg|caption^null|alt^null|title^IMG_0454-croped|description^null&#8221; bg_image_repeat=&#8221;no-repeat&#8221; bg_override=&#8221;full&#8221; enable_overlay=&#8221;enable_overlay_value&#8221; overlay_color=&#8221;rgba(0,0,0,0.5)&#8221; overlay_pattern=&#8221;transperant&#8221; seperator_enable=&#8221;seperator_enable_value&#8221; seperator_type=&#8221;tilt_left_seperator&#8221; seperator_position=&#8221;bottom_seperator&#8221; seperator_svg_height=&#8221;100&#8243; seperator_shape_background=&#8221;#ffffff&#8221; css=&#8221;.vc_custom_1585765906296{background-color: #000000 !important;}&#8221; el_id=&#8221;home&#8221;][vc_column css=&#8221;.vc_custom_1481818684109{padding-top: 14% !important;padding-bottom: 130px !important;}&#8221;][rev_slider_vc alias=&#8221;top-slider-pl&#8221;][\/vc_column][\/vc_row][vc_row type=&#8221;vc_default&#8221; equal_height=&#8221;yes&#8221; margin_top=&#8221;55&#8243; margin_bottom=&#8221;5&#8243; bg_type=&#8221;bg_color&#8221; bg_override=&#8221;ex-full&#8221; css=&#8221;.vc_custom_1585769551281{padding-top: 65px !important;padding-bottom: 0px !important;}&#8221; bg_color_value=&#8221;#ffffff&#8221; el_id=&#8221;o-nas&#8221;][vc_column offset=&#8221;vc_col-lg-offset-2 vc_col-lg-8 vc_col-md-offset-1 vc_col-md-10&#8243; css=&#8221;.vc_custom_1476886803285{padding-bottom: 80px !important;}&#8221;]<div id=\"ultimate-heading-857769d091f303643\" class=\"uvc-heading ult-adjust-bottom-margin ultimate-heading-857769d091f303643 uvc-8010 accent-border-color\" data-hspacer=\"line_only\"  data-halign=\"center\" style=\"text-align:center\"><div class=\"uvc-main-heading ult-responsive\"  data-ultimate-target='.uvc-heading.ultimate-heading-857769d091f303643 h1'  data-responsive-json-new='{\"font-size\":\"desktop:34px;\",\"line-height\":\"desktop:44px;\"}' ><h1 style=\"font-weight:bold;margin-bottom:15px;\">Parking - \u0141\u00f3d\u017a ul. Henryka Sienkiewicza 54<\/h1><\/div><div class=\"uvc-heading-spacer line_only\" style=\"margin-bottom:35px;height:3px;\"><span class=\"uvc-headings-line\" style=\"border-style:solid;border-bottom-width:3px;border-color:;width:200px;\"><\/span><\/div><\/div>[vc_column_text]<\/p>\n<p style=\"text-align: center;\">Dla mieszka\u0144c\u00f3w \u0141odzi oraz go\u015bci odwiedzaj\u0105cych miasto mamy do zaoferowania Parking 24h\/7.<\/p>\n<p style=\"text-align: center;\">Parking ma oko\u0142o 150 miejsc, jest monitorowany, automatyczny oraz o\u015bwietlony.<\/p>\n<p style=\"text-align: center;\">Oferujemy atrakcyjny abonament.<\/p>\n<h5 style=\"text-align: center;\"><strong>CENNIK OP\u0141AT<\/strong><\/h5>\n<ol>\n<li>Op\u0142ata za wjazd i post\u00f3j wynosi 8.00 z\u0142 za pierwsz\u0105 i ka\u017cd\u0105 rozpocz\u0119t\u0105 godzin\u0119 parkowania (od 1 do 10\u00a0godzin)<\/li>\n<li>Po 10 godzinach parkowania, ka\u017cda rozpocz\u0119ta doba skutkuje naliczeniem op\u0142at w wysoko\u015bci 80.00 z\u0142<\/li>\n<li>Op\u0142ata za zagubiony bilet wynosi 150.00 z\u0142<\/li>\n<li>Abonament 30 dniowy wynosi 230.00 z\u0142 brutto. (karta wjazdowa- magnetyczna w cenie)<\/li>\n<li>Op\u0142ata za wydanie nowej karty abonamentowej (w miejsce zgubionej lub zniszczonej) wynosi 50 z\u0142<\/li>\n<\/ol>\n<p style=\"text-align: left;\">Tre\u015b\u0107 regulaminu dost\u0119pna tutaj: <a href=\"https:\/\/www.securityservice.pl\/pl\/regulamin-parkingu\/\">Regulamin parkingu<\/a><br \/>\nW sprawie abonamentu prosimy o kontakt pod adresem e-mail <a href=\"mailto:parking@securityservice.pl\" target=\"_blank\" rel=\"noreferrer noopener\">parking@securityservice.pl<\/a> lub<br \/>\ntelefonicznie <a href=\"tel:+48784338333\">+48 784-338-333<\/a><\/p>\n<p>[\/vc_column_text][vc_row_inner 0=&#8221;&#8221;][vc_column_inner width=&#8221;1\/3&#8243;][vc_single_image image=&#8221;730&#8243; img_size=&#8221;medium&#8221; onclick=&#8221;link_image&#8221;][\/vc_column_inner][vc_column_inner width=&#8221;1\/3&#8243;][vc_single_image image=&#8221;713&#8243; img_size=&#8221;medium&#8221; onclick=&#8221;link_image&#8221;][\/vc_column_inner][vc_column_inner width=&#8221;1\/3&#8243;][vc_single_image image=&#8221;728&#8243; img_size=&#8221;medium&#8221; onclick=&#8221;link_image&#8221;][\/vc_column_inner][\/vc_row_inner][\/vc_column][\/vc_row][vc_row type=&#8221;vc_default&#8221; bg_type=&#8221;image&#8221; parallax_style=&#8221;vcpb-vz-jquery&#8221; bg_image_new=&#8221;id^353|url^https:\/\/securityservice.pl\/app\/uploads\/2017\/05\/row_new1.jpg|caption^null|alt^null|title^row_new1|description^null&#8221; bg_image_repeat=&#8221;no-repeat&#8221; bg_override=&#8221;ex-full&#8221; enable_overlay=&#8221;enable_overlay_value&#8221; overlay_color=&#8221;rgba(0,0,0,0.6)&#8221; overlay_pattern=&#8221;transperant&#8221; seperator_enable=&#8221;seperator_enable_value&#8221; seperator_type=&#8221;tilt_left_seperator&#8221; seperator_position=&#8221;top_bottom_seperator&#8221; seperator_svg_height=&#8221;100&#8243; seperator_shape_background=&#8221;#ffffff&#8221; css=&#8221;.vc_custom_1585769583527{padding-top: 170px !important;padding-right: 25px !important;padding-bottom: 90px !important;padding-left: 25px !important;background-color: #000000 !important;}&#8221;][vc_column][vc_row_inner equal_height=&#8221;yes&#8221; content_placement=&#8221;middle&#8221; css=&#8221;.vc_custom_1527499631234{border-top-width: 9px !important;border-right-width: 9px !important;border-bottom-width: 9px !important;border-left-width: 9px !important;padding-top: 60px !important;padding-right: 25px !important;padding-bottom: 10px !important;padding-left: 25px !important;border-left-color: rgba(255,255,255,0.3) !important;border-left-style: double !important;border-right-color: rgba(255,255,255,0.3) !important;border-right-style: double !important;border-top-color: rgba(255,255,255,0.3) !important;border-top-style: double !important;border-bottom-color: rgba(255,255,255,0.3) !important;border-bottom-style: double !important;}&#8221;][vc_column_inner width=&#8221;7\/12&#8243; offset=&#8221;vc_col-lg-8 vc_col-md-8&#8243; css=&#8221;.vc_custom_1476814097619{margin-top: 0px !important;margin-right: 0px !important;margin-bottom: 0px !important;margin-left: 0px !important;padding-top: 0px !important;padding-right: 25px !important;padding-bottom: 50px !important;padding-left: 25px !important;}&#8221;]<div id=\"ultimate-heading-92169d091f303680\" class=\"uvc-heading ult-adjust-bottom-margin ultimate-heading-92169d091f303680 uvc-8895 accent-border-color\" data-hspacer=\"line_only\"  data-halign=\"left\" style=\"text-align:left\"><div class=\"uvc-main-heading ult-responsive\"  data-ultimate-target='.uvc-heading.ultimate-heading-92169d091f303680 h2'  data-responsive-json-new='{\"font-size\":\"desktop:34px;\",\"line-height\":\"desktop:44px;\"}' ><h2 style=\"font-weight:normal;color:#ffffff;margin-bottom:10px;\">Parking - ul. Henryka Sienkiewicza 54<\/h2><\/div><div class=\"uvc-heading-spacer line_only\" style=\"topheight:3px;\"><span class=\"uvc-headings-line\" style=\"border-style:solid;border-bottom-width:3px;border-color:;width:200px;\"><\/span><\/div><\/div>[vc_gmaps link=&#8221;#E-8_JTNDaWZyYW1lJTIwc3JjJTNEJTIyaHR0cHMlM0ElMkYlMkZ3d3cuZ29vZ2xlLmNvbSUyRm1hcHMlMkZlbWJlZCUzRnBiJTNEJTIxMW0xOCUyMTFtMTIlMjExbTMlMjExZDI0NjkuNDI3MjEwOTg1MzgwNSUyMTJkMTkuNDYwNDA0NjUxNjg3NDklMjEzZDUxLjc2MTc5Njc3OTU3ODAzNCUyMTJtMyUyMTFmMCUyMTJmMCUyMTNmMCUyMTNtMiUyMTFpMTAyNCUyMTJpNzY4JTIxNGYxMy4xJTIxM20zJTIxMW0yJTIxMXMweDQ3MWEzNGQ0OWRmMWQ3OTklMjUzQTB4ZGJhNTlmYjEzMWUxZTlmNiUyMTJ6U0dWdWNubHJZU0JUYVdWdWEybGxkMmxqZW1FZ05UUXNJRGt3TFRBd01TREZnY096Wk1XNiUyMTVlMCUyMTNtMiUyMTFzcGwlMjEyc3BsJTIxNHYxNTg1MDc1MDQzMzA2JTIxNW0yJTIxMXNwbCUyMTJzcGwlMjIlMjB3aWR0aCUzRCUyMjYwMCUyMiUyMGhlaWdodCUzRCUyMjQ1MCUyMiUyMGZyYW1lYm9yZGVyJTNEJTIyMCUyMiUyMHN0eWxlJTNEJTIyYm9yZGVyJTNBMCUzQiUyMiUyMGFsbG93ZnVsbHNjcmVlbiUzRCUyMiUyMiUyMGFyaWEtaGlkZGVuJTNEJTIyZmFsc2UlMjIlMjB0YWJpbmRleCUzRCUyMjAlMjIlM0UlM0MlMkZpZnJhbWUlM0U=&#8221; css=&#8221;.vc_custom_1527499117130{margin-top: 15px !important;}&#8221;][\/vc_column_inner][vc_column_inner width=&#8221;5\/12&#8243; css=&#8221;.vc_custom_1476869609525{padding-top: 3px !important;padding-right: 25px !important;padding-bottom: 50px !important;padding-left: 25px !important;}&#8221; offset=&#8221;vc_col-lg-4 vc_col-md-4&#8243;]<div class=\"stats-block stats-left  accent-icon-bg  vc_custom_1585674313499\"><div class=\"aio-icon-left\"><div class=\"ult-just-icon-wrapper  \"><div class=\"align-icon\" style=\"text-align:center;\">\n<div class=\"aio-icon advanced \"  style=\"color:#ffffff;background:#ffffff;border-style:;border-color:#333333;border-width:1px;width:44px;height:44px;line-height:44px;border-radius:500px;font-size:24px;display:inline-block;\">\n\t<i class=\"Defaults-home\"><\/i>\n<\/div><\/div><\/div><\/div><div class=\"stats-desc\" id=\"counter-responsv-wrap-4496\"><div id=\"counter_71115741769d091f303795\" data-id=\"counter_71115741769d091f303795\"  data-ultimate-target='#counter-responsv-wrap-4496 .stats-number'  data-responsive-json-new='{\"font-size\":\"desktop:40px;\",\"line-height\":\"desktop:50px;\"}'  class=\"stats-number ult-responsive\" style=\" color:#ffffff; font-weight:bold;color:#ffffff;\" data-speed=\"5\" data-counter-value=\"30\" data-separator=\",\" data-decimal=\".\">0<\/div><div class=\"counter_suffix mycust ult-responsive\"  data-ultimate-target='#counter-responsv-wrap-4496 .mycust'  data-responsive-json-new='{\"font-size\":\"desktop:30px;\",\"line-height\":\"desktop:40px;\"}'  style=\" font-weight:bold;color:#ffffff\">+<\/div><div id=\"counter-responsv-wrap-4496\"  data-ultimate-target='#counter-responsv-wrap-4496 .stats-text'  data-responsive-json-new='{\"font-size\":\"desktop:20px;\",\"line-height\":\"desktop:30px;\"}'  class=\"stats-text ult-responsive\" style=\"font-size:px; color:#ffffff; \">Lat w bran\u017cy ochrony mienia<\/div><\/div><\/div><div class=\"stats-block stats-left  accent-icon-bg  vc_custom_1495049159658\"><div class=\"aio-icon-left\"><div class=\"ult-just-icon-wrapper  \"><div class=\"align-icon\" style=\"text-align:center;\">\n<div class=\"aio-icon advanced \"  style=\"color:#ffffff;background:#ffffff;border-style:;border-color:#333333;border-width:1px;width:44px;height:44px;line-height:44px;border-radius:500px;font-size:24px;display:inline-block;\">\n\t<i class=\"Defaults-home\"><\/i>\n<\/div><\/div><\/div><\/div><div class=\"stats-desc\" id=\"counter-responsv-wrap-3053\"><div id=\"counter_189831739869d091f30381a\" data-id=\"counter_189831739869d091f30381a\"  data-ultimate-target='#counter-responsv-wrap-3053 .stats-number'  data-responsive-json-new='{\"font-size\":\"desktop:40px;\",\"line-height\":\"desktop:50px;\"}'  class=\"stats-number ult-responsive\" style=\" color:#ffffff; font-weight:bold;color:#ffffff;\" data-speed=\"5\" data-counter-value=\"100\" data-separator=\",\" data-decimal=\".\">0<\/div><div class=\"counter_suffix mycust ult-responsive\"  data-ultimate-target='#counter-responsv-wrap-3053 .mycust'  data-responsive-json-new='{\"font-size\":\"desktop:30px;\",\"line-height\":\"desktop:40px;\"}'  style=\" font-weight:bold;color:#ffffff\">+<\/div><div id=\"counter-responsv-wrap-3053\"  data-ultimate-target='#counter-responsv-wrap-3053 .stats-text'  data-responsive-json-new='{\"font-size\":\"desktop:20px;\",\"line-height\":\"desktop:30px;\"}'  class=\"stats-text ult-responsive\" style=\"font-size:px; color:#ffffff; \">Chronionych obiekt\u00f3w<\/div><\/div><\/div><div class=\"stats-block stats-left  accent-icon-bg  vc_custom_1495049180349\"><div class=\"aio-icon-left\"><div class=\"ult-just-icon-wrapper  \"><div class=\"align-icon\" style=\"text-align:center;\">\n<div class=\"aio-icon advanced \"  style=\"color:#ffffff;background:#ffffff;border-style:;border-color:#333333;border-width:1px;width:44px;height:44px;line-height:44px;border-radius:500px;font-size:24px;display:inline-block;\">\n\t<i class=\"Defaults-clock-o\"><\/i>\n<\/div><\/div><\/div><\/div><div class=\"stats-desc\" id=\"counter-responsv-wrap-3676\"><div id=\"counter_106650842169d091f303890\" data-id=\"counter_106650842169d091f303890\"  data-ultimate-target='#counter-responsv-wrap-3676 .stats-number'  data-responsive-json-new='{\"font-size\":\"desktop:40px;\",\"line-height\":\"desktop:50px;\"}'  class=\"stats-number ult-responsive\" style=\" color:#ffffff; font-weight:bold;color:#ffffff;\" data-speed=\"5\" data-counter-value=\"24\" data-separator=\",\" data-decimal=\".\">0<\/div><div class=\"counter_suffix mycust ult-responsive\"  data-ultimate-target='#counter-responsv-wrap-3676 .mycust'  data-responsive-json-new='{\"font-size\":\"desktop:30px;\",\"line-height\":\"desktop:40px;\"}'  style=\" font-weight:bold;color:#ffffff\">h<\/div><div id=\"counter-responsv-wrap-3676\"  data-ultimate-target='#counter-responsv-wrap-3676 .stats-text'  data-responsive-json-new='{\"font-size\":\"desktop:20px;\",\"line-height\":\"desktop:30px;\"}'  class=\"stats-text ult-responsive\" style=\"font-size:px; color:#ffffff; \">Bezpiecze\u0144stwa<\/div><\/div><\/div>[\/vc_column_inner][\/vc_row_inner][\/vc_column][\/vc_row]<\/p>\n","protected":false},"excerpt":{"rendered":"<p>[vc_row type=&#8221;vc_default&#8221; bg_type=&#8221;image&#8221; parallax_style=&#8221;vcpb-vz-jquery&#8221; bg_image_new=&#8221;id^661|url^https:\/\/www.securityservice.pl\/app\/uploads\/2019\/05\/IMG_0454-croped.jpg|caption^null|alt^null|title^IMG_0454-croped|description^null&#8221; bg_image_repeat=&#8221;no-repeat&#8221; bg_override=&#8221;full&#8221; enable_overlay=&#8221;enable_overlay_value&#8221; overlay_color=&#8221;rgba(0,0,0,0.5)&#8221; overlay_pattern=&#8221;transperant&#8221; seperator_enable=&#8221;seperator_enable_value&#8221; seperator_type=&#8221;tilt_left_seperator&#8221; seperator_position=&#8221;bottom_seperator&#8221; seperator_svg_height=&#8221;100&#8243; seperator_shape_background=&#8221;#ffffff&#8221; css=&#8221;.vc_custom_1585765906296{background-color: #000000 !important;}&#8221; el_id=&#8221;home&#8221;][vc_column css=&#8221;.vc_custom_1481818684109{padding-top: 14% !important;padding-bottom: 130px !important;}&#8221;][rev_slider_vc alias=&#8221;top-slider-pl&#8221;][\/vc_column][\/vc_row][vc_row type=&#8221;vc_default&#8221; equal_height=&#8221;yes&#8221; margin_top=&#8221;55&#8243; margin_bottom=&#8221;5&#8243; bg_type=&#8221;bg_color&#8221; bg_override=&#8221;ex-full&#8221; css=&#8221;.vc_custom_1585769551281{padding-top: 65px !important;padding-bottom: 0px !important;}&#8221; bg_color_value=&#8221;#ffffff&#8221; el_id=&#8221;o-nas&#8221;][vc_column offset=&#8221;vc_col-lg-offset-2 vc_col-lg-8 vc_col-md-offset-1 vc_col-md-10&#8243; css=&#8221;.vc_custom_1476886803285{padding-bottom: 80px !important;}&#8221;][vc_column_text] Dla mieszka\u0144c\u00f3w \u0141odzi oraz go\u015bci odwiedzaj\u0105cych miasto mamy do zaoferowania&hellip;<\/p>\n","protected":false},"author":1,"featured_media":0,"parent":0,"menu_order":0,"comment_status":"closed","ping_status":"closed","template":"template-microsite.php","meta":[],"yoast_head":"<!-- This site is optimized with the Yoast SEO plugin v20.6 - https:\/\/yoast.com\/wordpress\/plugins\/seo\/ -->\n<title>Parking - \u0141\u00f3d\u017a ul. Sienkiewicza 54 - Agencja ochrony - \u0141\u00f3d\u017a<\/title>\n<meta name=\"robots\" content=\"index, follow, max-snippet:-1, max-image-preview:large, max-video-preview:-1\" \/>\n<link rel=\"canonical\" href=\"https:\/\/www.securityservice.pl\/parking-lodz-ulica-sienkiewicza\/\" \/>\n<meta property=\"og:locale\" content=\"pl_PL\" \/>\n<meta property=\"og:type\" content=\"article\" \/>\n<meta property=\"og:title\" content=\"Parking - \u0141\u00f3d\u017a ul. Sienkiewicza 54 - Agencja ochrony - \u0141\u00f3d\u017a\" \/>\n<meta property=\"og:description\" content=\"[vc_row type=&#8221;vc_default&#8221; bg_type=&#8221;image&#8221; parallax_style=&#8221;vcpb-vz-jquery&#8221; bg_image_new=&#8221;id^661|url^https:\/\/www.securityservice.pl\/app\/uploads\/2019\/05\/IMG_0454-croped.jpg|caption^null|alt^null|title^IMG_0454-croped|description^null&#8221; bg_image_repeat=&#8221;no-repeat&#8221; bg_override=&#8221;full&#8221; enable_overlay=&#8221;enable_overlay_value&#8221; overlay_color=&#8221;rgba(0,0,0,0.5)&#8221; overlay_pattern=&#8221;transperant&#8221; seperator_enable=&#8221;seperator_enable_value&#8221; seperator_type=&#8221;tilt_left_seperator&#8221; seperator_position=&#8221;bottom_seperator&#8221; seperator_svg_height=&#8221;100&#8243; seperator_shape_background=&#8221;#ffffff&#8221; css=&#8221;.vc_custom_1585765906296{background-color: #000000 !important;}&#8221; el_id=&#8221;home&#8221;][vc_column css=&#8221;.vc_custom_1481818684109{padding-top: 14% !important;padding-bottom: 130px !important;}&#8221;][rev_slider_vc alias=&#8221;top-slider-pl&#8221;][\/vc_column][\/vc_row][vc_row type=&#8221;vc_default&#8221; equal_height=&#8221;yes&#8221; margin_top=&#8221;55&#8243; margin_bottom=&#8221;5&#8243; bg_type=&#8221;bg_color&#8221; bg_override=&#8221;ex-full&#8221; css=&#8221;.vc_custom_1585769551281{padding-top: 65px !important;padding-bottom: 0px !important;}&#8221; bg_color_value=&#8221;#ffffff&#8221; el_id=&#8221;o-nas&#8221;][vc_column offset=&#8221;vc_col-lg-offset-2 vc_col-lg-8 vc_col-md-offset-1 vc_col-md-10&#8243; css=&#8221;.vc_custom_1476886803285{padding-bottom: 80px !important;}&#8221;][vc_column_text] Dla mieszka\u0144c\u00f3w \u0141odzi oraz go\u015bci odwiedzaj\u0105cych miasto mamy do zaoferowania&hellip;\" \/>\n<meta property=\"og:url\" content=\"https:\/\/www.securityservice.pl\/parking-lodz-ulica-sienkiewicza\/\" \/>\n<meta property=\"og:site_name\" content=\"Agencja ochrony - \u0141\u00f3d\u017a\" \/>\n<meta property=\"article:modified_time\" content=\"2025-01-02T19:09:36+00:00\" \/>\n<meta name=\"twitter:card\" content=\"summary_large_image\" \/>\n<meta name=\"twitter:label1\" content=\"Est. reading time\" \/>\n\t<meta name=\"twitter:data1\" content=\"3 minuty\" \/>\n<script type=\"application\/ld+json\" class=\"yoast-schema-graph\">{\"@context\":\"https:\/\/schema.org\",\"@graph\":[{\"@type\":\"WebPage\",\"@id\":\"https:\/\/www.securityservice.pl\/parking-lodz-ulica-sienkiewicza\/\",\"url\":\"https:\/\/www.securityservice.pl\/parking-lodz-ulica-sienkiewicza\/\",\"name\":\"Parking - \u0141\u00f3d\u017a ul. Sienkiewicza 54 - Agencja ochrony - \u0141\u00f3d\u017a\",\"isPartOf\":{\"@id\":\"https:\/\/www.securityservice.pl\/pl\/#website\"},\"datePublished\":\"2020-03-31T16:23:14+00:00\",\"dateModified\":\"2025-01-02T19:09:36+00:00\",\"breadcrumb\":{\"@id\":\"https:\/\/www.securityservice.pl\/parking-lodz-ulica-sienkiewicza\/#breadcrumb\"},\"inLanguage\":\"pl-PL\",\"potentialAction\":[{\"@type\":\"ReadAction\",\"target\":[\"https:\/\/www.securityservice.pl\/parking-lodz-ulica-sienkiewicza\/\"]}]},{\"@type\":\"BreadcrumbList\",\"@id\":\"https:\/\/www.securityservice.pl\/parking-lodz-ulica-sienkiewicza\/#breadcrumb\",\"itemListElement\":[{\"@type\":\"ListItem\",\"position\":1,\"name\":\"Strona g\u0142\u00f3wna\",\"item\":\"https:\/\/www.securityservice.pl\/pl\/\"},{\"@type\":\"ListItem\",\"position\":2,\"name\":\"Parking &#8211; \u0141\u00f3d\u017a ul. Sienkiewicza 54\"}]},{\"@type\":\"WebSite\",\"@id\":\"https:\/\/www.securityservice.pl\/pl\/#website\",\"url\":\"https:\/\/www.securityservice.pl\/pl\/\",\"name\":\"Agencja ochrony - \u0141\u00f3d\u017a\",\"description\":\"Agencja ochrony - \u0141\u00f3d\u017a - ochrona fizyczna mienia | Firma ochroniarska Security Service\",\"publisher\":{\"@id\":\"https:\/\/www.securityservice.pl\/pl\/#organization\"},\"potentialAction\":[{\"@type\":\"SearchAction\",\"target\":{\"@type\":\"EntryPoint\",\"urlTemplate\":\"https:\/\/www.securityservice.pl\/pl\/?s={search_term_string}\"},\"query-input\":\"required name=search_term_string\"}],\"inLanguage\":\"pl-PL\"},{\"@type\":\"Organization\",\"@id\":\"https:\/\/www.securityservice.pl\/pl\/#organization\",\"name\":\"Agencja ochrony - \u0141\u00f3d\u017a\",\"url\":\"https:\/\/www.securityservice.pl\/pl\/\",\"logo\":{\"@type\":\"ImageObject\",\"inLanguage\":\"pl-PL\",\"@id\":\"https:\/\/www.securityservice.pl\/pl\/#\/schema\/logo\/image\/\",\"url\":\"https:\/\/www.securityservice.pl\/app\/uploads\/2017\/05\/logo-320.png\",\"contentUrl\":\"https:\/\/www.securityservice.pl\/app\/uploads\/2017\/05\/logo-320.png\",\"width\":320,\"height\":320,\"caption\":\"Agencja ochrony - \u0141\u00f3d\u017a\"},\"image\":{\"@id\":\"https:\/\/www.securityservice.pl\/pl\/#\/schema\/logo\/image\/\"}}]}<\/script>\n<!-- \/ Yoast SEO plugin. -->","yoast_head_json":{"title":"Parking - \u0141\u00f3d\u017a ul. Sienkiewicza 54 - Agencja ochrony - \u0141\u00f3d\u017a","robots":{"index":"index","follow":"follow","max-snippet":"max-snippet:-1","max-image-preview":"max-image-preview:large","max-video-preview":"max-video-preview:-1"},"canonical":"https:\/\/www.securityservice.pl\/parking-lodz-ulica-sienkiewicza\/","og_locale":"pl_PL","og_type":"article","og_title":"Parking - \u0141\u00f3d\u017a ul. Sienkiewicza 54 - Agencja ochrony - \u0141\u00f3d\u017a","og_description":"[vc_row type=&#8221;vc_default&#8221; bg_type=&#8221;image&#8221; parallax_style=&#8221;vcpb-vz-jquery&#8221; bg_image_new=&#8221;id^661|url^https:\/\/www.securityservice.pl\/app\/uploads\/2019\/05\/IMG_0454-croped.jpg|caption^null|alt^null|title^IMG_0454-croped|description^null&#8221; bg_image_repeat=&#8221;no-repeat&#8221; bg_override=&#8221;full&#8221; enable_overlay=&#8221;enable_overlay_value&#8221; overlay_color=&#8221;rgba(0,0,0,0.5)&#8221; overlay_pattern=&#8221;transperant&#8221; seperator_enable=&#8221;seperator_enable_value&#8221; seperator_type=&#8221;tilt_left_seperator&#8221; seperator_position=&#8221;bottom_seperator&#8221; seperator_svg_height=&#8221;100&#8243; seperator_shape_background=&#8221;#ffffff&#8221; css=&#8221;.vc_custom_1585765906296{background-color: #000000 !important;}&#8221; el_id=&#8221;home&#8221;][vc_column css=&#8221;.vc_custom_1481818684109{padding-top: 14% !important;padding-bottom: 130px !important;}&#8221;][rev_slider_vc alias=&#8221;top-slider-pl&#8221;][\/vc_column][\/vc_row][vc_row type=&#8221;vc_default&#8221; equal_height=&#8221;yes&#8221; margin_top=&#8221;55&#8243; margin_bottom=&#8221;5&#8243; bg_type=&#8221;bg_color&#8221; bg_override=&#8221;ex-full&#8221; css=&#8221;.vc_custom_1585769551281{padding-top: 65px !important;padding-bottom: 0px !important;}&#8221; bg_color_value=&#8221;#ffffff&#8221; el_id=&#8221;o-nas&#8221;][vc_column offset=&#8221;vc_col-lg-offset-2 vc_col-lg-8 vc_col-md-offset-1 vc_col-md-10&#8243; css=&#8221;.vc_custom_1476886803285{padding-bottom: 80px !important;}&#8221;][vc_column_text] Dla mieszka\u0144c\u00f3w \u0141odzi oraz go\u015bci odwiedzaj\u0105cych miasto mamy do zaoferowania&hellip;","og_url":"https:\/\/www.securityservice.pl\/parking-lodz-ulica-sienkiewicza\/","og_site_name":"Agencja ochrony - \u0141\u00f3d\u017a","article_modified_time":"2025-01-02T19:09:36+00:00","twitter_card":"summary_large_image","twitter_misc":{"Est. reading time":"3 minuty"},"schema":{"@context":"https:\/\/schema.org","@graph":[{"@type":"WebPage","@id":"https:\/\/www.securityservice.pl\/parking-lodz-ulica-sienkiewicza\/","url":"https:\/\/www.securityservice.pl\/parking-lodz-ulica-sienkiewicza\/","name":"Parking - \u0141\u00f3d\u017a ul. Sienkiewicza 54 - Agencja ochrony - \u0141\u00f3d\u017a","isPartOf":{"@id":"https:\/\/www.securityservice.pl\/pl\/#website"},"datePublished":"2020-03-31T16:23:14+00:00","dateModified":"2025-01-02T19:09:36+00:00","breadcrumb":{"@id":"https:\/\/www.securityservice.pl\/parking-lodz-ulica-sienkiewicza\/#breadcrumb"},"inLanguage":"pl-PL","potentialAction":[{"@type":"ReadAction","target":["https:\/\/www.securityservice.pl\/parking-lodz-ulica-sienkiewicza\/"]}]},{"@type":"BreadcrumbList","@id":"https:\/\/www.securityservice.pl\/parking-lodz-ulica-sienkiewicza\/#breadcrumb","itemListElement":[{"@type":"ListItem","position":1,"name":"Strona g\u0142\u00f3wna","item":"https:\/\/www.securityservice.pl\/pl\/"},{"@type":"ListItem","position":2,"name":"Parking &#8211; \u0141\u00f3d\u017a ul. Sienkiewicza 54"}]},{"@type":"WebSite","@id":"https:\/\/www.securityservice.pl\/pl\/#website","url":"https:\/\/www.securityservice.pl\/pl\/","name":"Agencja ochrony - \u0141\u00f3d\u017a","description":"Agencja ochrony - \u0141\u00f3d\u017a - ochrona fizyczna mienia | Firma ochroniarska Security Service","publisher":{"@id":"https:\/\/www.securityservice.pl\/pl\/#organization"},"potentialAction":[{"@type":"SearchAction","target":{"@type":"EntryPoint","urlTemplate":"https:\/\/www.securityservice.pl\/pl\/?s={search_term_string}"},"query-input":"required name=search_term_string"}],"inLanguage":"pl-PL"},{"@type":"Organization","@id":"https:\/\/www.securityservice.pl\/pl\/#organization","name":"Agencja ochrony - \u0141\u00f3d\u017a","url":"https:\/\/www.securityservice.pl\/pl\/","logo":{"@type":"ImageObject","inLanguage":"pl-PL","@id":"https:\/\/www.securityservice.pl\/pl\/#\/schema\/logo\/image\/","url":"https:\/\/www.securityservice.pl\/app\/uploads\/2017\/05\/logo-320.png","contentUrl":"https:\/\/www.securityservice.pl\/app\/uploads\/2017\/05\/logo-320.png","width":320,"height":320,"caption":"Agencja ochrony - \u0141\u00f3d\u017a"},"image":{"@id":"https:\/\/www.securityservice.pl\/pl\/#\/schema\/logo\/image\/"}}]}},"_links":{"self":[{"href":"https:\/\/www.securityservice.pl\/pl\/wp-json\/wp\/v2\/pages\/807"}],"collection":[{"href":"https:\/\/www.securityservice.pl\/pl\/wp-json\/wp\/v2\/pages"}],"about":[{"href":"https:\/\/www.securityservice.pl\/pl\/wp-json\/wp\/v2\/types\/page"}],"author":[{"embeddable":true,"href":"https:\/\/www.securityservice.pl\/pl\/wp-json\/wp\/v2\/users\/1"}],"replies":[{"embeddable":true,"href":"https:\/\/www.securityservice.pl\/pl\/wp-json\/wp\/v2\/comments?post=807"}],"version-history":[{"count":42,"href":"https:\/\/www.securityservice.pl\/pl\/wp-json\/wp\/v2\/pages\/807\/revisions"}],"predecessor-version":[{"id":1090,"href":"https:\/\/www.securityservice.pl\/pl\/wp-json\/wp\/v2\/pages\/807\/revisions\/1090"}],"wp:attachment":[{"href":"https:\/\/www.securityservice.pl\/pl\/wp-json\/wp\/v2\/media?parent=807"}],"curies":[{"name":"wp","href":"https:\/\/api.w.org\/{rel}","templated":true}]}}